{"id":70230,"date":"2026-02-23T00:00:01","date_gmt":"2026-02-22T23:00:01","guid":{"rendered":"https:\/\/modelkars.com\/?post_type=product&#038;p=70230"},"modified":"2026-03-23T22:27:48","modified_gmt":"2026-03-23T21:27:48","slug":"fe046c-ferrari-amalfi-jaune-montecarlo","status":"publish","type":"product","link":"https:\/\/modelkars.com\/fr\/shop\/mr-collection\/fe046c-ferrari-amalfi-jaune-montecarlo\/","title":{"rendered":"Ferrari Amalfi"},"content":{"rendered":"","protected":false},"excerpt":{"rendered":"<p class=\"whitespace-pre-wrap break-words\">Cette Ferrari Amalfi rayonne dans son \u00e9clatant jaune Montecarlo, reproduite avec une pr\u00e9cision remarquable \u00e0 l&rsquo;\u00e9chelle 1:18 par MR Collection. La finition en r\u00e9sine r\u00e9v\u00e8le chaque d\u00e9tail de cette cr\u00e9ation italienne, accompagn\u00e9e de son socle et de sa vitrine.<\/p>\n","protected":false},"featured_media":99268,"template":"","meta":{"_seopress_robots_primary_cat":"","_seopress_titles_title":"","_seopress_titles_desc":"","_seopress_robots_index":""},"product_brand":[],"product_cat":[95],"product_tag":[84,93,92,85,86,323],"class_list":{"0":"post-70230","1":"product","2":"type-product","3":"status-publish","4":"has-post-thumbnail","6":"product_cat-mr-collection","7":"product_tag-echelle-118","8":"product_tag-edition-limitee","9":"product_tag-resine","10":"product_tag-sans-ouvrants","11":"product_tag-socle-inclus","12":"product_tag-vitrine-incluse","14":"first","15":"instock","16":"taxable","17":"shipping-taxable","18":"purchasable","19":"product-type-simple"},"_links":{"self":[{"href":"https:\/\/modelkars.com\/fr\/wp-json\/wp\/v2\/product\/70230","targetHints":{"allow":["GET"]}}],"collection":[{"href":"https:\/\/modelkars.com\/fr\/wp-json\/wp\/v2\/product"}],"about":[{"href":"https:\/\/modelkars.com\/fr\/wp-json\/wp\/v2\/types\/product"}],"wp:featuredmedia":[{"embeddable":true,"href":"https:\/\/modelkars.com\/fr\/wp-json\/wp\/v2\/media\/99268"}],"wp:attachment":[{"href":"https:\/\/modelkars.com\/fr\/wp-json\/wp\/v2\/media?parent=70230"}],"wp:term":[{"taxonomy":"product_brand","embeddable":true,"href":"https:\/\/modelkars.com\/fr\/wp-json\/wp\/v2\/product_brand?post=70230"},{"taxonomy":"product_cat","embeddable":true,"href":"https:\/\/modelkars.com\/fr\/wp-json\/wp\/v2\/product_cat?post=70230"},{"taxonomy":"product_tag","embeddable":true,"href":"https:\/\/modelkars.com\/fr\/wp-json\/wp\/v2\/product_tag?post=70230"}],"curies":[{"name":"wp","href":"https:\/\/api.w.org\/{rel}","templated":true}]}}