{"id":70014,"date":"2025-07-05T17:27:43","date_gmt":"2025-07-05T15:27:43","guid":{"rendered":"https:\/\/modelkars.com\/?post_type=product&#038;p=70014"},"modified":"2025-12-01T01:52:10","modified_gmt":"2025-12-01T00:52:10","slug":"ot1160-alpine-a110-gt4-evo-alpine-esports-series-2024","status":"publish","type":"product","link":"https:\/\/modelkars.com\/fr\/shop\/ottomobile\/ot1160-alpine-a110-gt4-evo-alpine-esports-series-2024\/","title":{"rendered":"Alpine A110 GT4 EVO Alpine eSports Series 2024"},"content":{"rendered":"","protected":false},"excerpt":{"rendered":"<p>Cette Alpine A110 GT4 EVO Alpine eSports Series 2024 \u00e0 l&rsquo;\u00e9chelle 1:18 c\u00e9l\u00e8bre la quatri\u00e8me \u00e9dition de la comp\u00e9tition de sim racing organis\u00e9e par Alpine. R\u00e9alis\u00e9e par OttOmobile en r\u00e9sine dans une livr\u00e9e bleue sp\u00e9cialement con\u00e7ue pour cet \u00e9v\u00e9nement virtuel, elle rend hommage \u00e0 la s\u00e9rie qui fait le pont entre le monde r\u00e9el et virtuel. Limit\u00e9e \u00e0 999 exemplaires num\u00e9rot\u00e9s, cette miniature immortalise la comp\u00e9tition qui a rassembl\u00e9 plus de 2000 participants sur Assetto Corsa Competizione, o\u00f9 le vainqueur Dennis Sch\u00f6niger a remport\u00e9 une v\u00e9ritable exp\u00e9rience de pilotage en Alpine A110 GT4.<\/p>\n","protected":false},"featured_media":70016,"template":"","meta":{"_seopress_robots_primary_cat":"","_seopress_titles_title":"","_seopress_titles_desc":"","_seopress_robots_index":""},"product_brand":[],"product_cat":[225],"product_tag":[84,93,92,85],"class_list":{"0":"post-70014","1":"product","2":"type-product","3":"status-publish","4":"has-post-thumbnail","6":"product_cat-ottomobile","7":"product_tag-echelle-118","8":"product_tag-edition-limitee","9":"product_tag-resine","10":"product_tag-sans-ouvrants","12":"first","13":"outofstock","14":"taxable","15":"shipping-taxable","16":"purchasable","17":"product-type-simple"},"_links":{"self":[{"href":"https:\/\/modelkars.com\/fr\/wp-json\/wp\/v2\/product\/70014","targetHints":{"allow":["GET"]}}],"collection":[{"href":"https:\/\/modelkars.com\/fr\/wp-json\/wp\/v2\/product"}],"about":[{"href":"https:\/\/modelkars.com\/fr\/wp-json\/wp\/v2\/types\/product"}],"wp:featuredmedia":[{"embeddable":true,"href":"https:\/\/modelkars.com\/fr\/wp-json\/wp\/v2\/media\/70016"}],"wp:attachment":[{"href":"https:\/\/modelkars.com\/fr\/wp-json\/wp\/v2\/media?parent=70014"}],"wp:term":[{"taxonomy":"product_brand","embeddable":true,"href":"https:\/\/modelkars.com\/fr\/wp-json\/wp\/v2\/product_brand?post=70014"},{"taxonomy":"product_cat","embeddable":true,"href":"https:\/\/modelkars.com\/fr\/wp-json\/wp\/v2\/product_cat?post=70014"},{"taxonomy":"product_tag","embeddable":true,"href":"https:\/\/modelkars.com\/fr\/wp-json\/wp\/v2\/product_tag?post=70014"}],"curies":[{"name":"wp","href":"https:\/\/api.w.org\/{rel}","templated":true}]}}