{"id":69860,"date":"2026-01-21T00:00:01","date_gmt":"2026-01-20T23:00:01","guid":{"rendered":"https:\/\/modelkars.com\/?post_type=product&#038;p=69860"},"modified":"2026-03-10T20:33:34","modified_gmt":"2026-03-10T19:33:34","slug":"gt967-bmw-x5-m-competition-bleu","status":"publish","type":"product","link":"https:\/\/modelkars.com\/fr\/shop\/gt-spirit\/gt967-bmw-x5-m-competition-bleu\/","title":{"rendered":"BMW X5 M Competition"},"content":{"rendered":"","protected":false},"excerpt":{"rendered":"<p>Cette BMW X5 M Competition bleue \u00e0 l&rsquo;\u00e9chelle 1:18 incarne la puissance bavaroise dans un format SUV. Moul\u00e9e en r\u00e9sine par GT Spirit en s\u00e9rie limit\u00e9e, elle repr\u00e9sente le mastodonte de 625 chevaux capable de rivaliser avec des sportives sur circuit tout en transportant cinq passagers dans un luxe absolu.<\/p>\n","protected":false},"featured_media":74347,"template":"","meta":{"_seopress_robots_primary_cat":"","_seopress_titles_title":"","_seopress_titles_desc":"","_seopress_robots_index":""},"product_brand":[],"product_cat":[71],"product_tag":[84,93,648,92,85],"class_list":{"0":"post-69860","1":"product","2":"type-product","3":"status-publish","4":"has-post-thumbnail","6":"product_cat-gt-spirit","7":"product_tag-echelle-118","8":"product_tag-edition-limitee","9":"product_tag-janvier-2026","10":"product_tag-resine","11":"product_tag-sans-ouvrants","13":"first","14":"instock","15":"taxable","16":"shipping-taxable","17":"purchasable","18":"product-type-simple"},"_links":{"self":[{"href":"https:\/\/modelkars.com\/fr\/wp-json\/wp\/v2\/product\/69860","targetHints":{"allow":["GET"]}}],"collection":[{"href":"https:\/\/modelkars.com\/fr\/wp-json\/wp\/v2\/product"}],"about":[{"href":"https:\/\/modelkars.com\/fr\/wp-json\/wp\/v2\/types\/product"}],"wp:featuredmedia":[{"embeddable":true,"href":"https:\/\/modelkars.com\/fr\/wp-json\/wp\/v2\/media\/74347"}],"wp:attachment":[{"href":"https:\/\/modelkars.com\/fr\/wp-json\/wp\/v2\/media?parent=69860"}],"wp:term":[{"taxonomy":"product_brand","embeddable":true,"href":"https:\/\/modelkars.com\/fr\/wp-json\/wp\/v2\/product_brand?post=69860"},{"taxonomy":"product_cat","embeddable":true,"href":"https:\/\/modelkars.com\/fr\/wp-json\/wp\/v2\/product_cat?post=69860"},{"taxonomy":"product_tag","embeddable":true,"href":"https:\/\/modelkars.com\/fr\/wp-json\/wp\/v2\/product_tag?post=69860"}],"curies":[{"name":"wp","href":"https:\/\/api.w.org\/{rel}","templated":true}]}}