{"id":69858,"date":"2026-03-31T00:00:01","date_gmt":"2026-03-30T22:00:01","guid":{"rendered":"https:\/\/modelkars.com\/?post_type=product&#038;p=69858"},"modified":"2026-04-27T23:30:22","modified_gmt":"2026-04-27T21:30:22","slug":"gts801801-porsche-911-turbo-s-992-1-argent","status":"publish","type":"product","link":"https:\/\/modelkars.com\/fr\/shop\/gt-spirit\/gts801801-porsche-911-turbo-s-992-1-argent\/","title":{"rendered":"Porsche 911 Turbo S (992.1)"},"content":{"rendered":"","protected":false},"excerpt":{"rendered":"<p>Cette majestueuse Porsche 911 Turbo S (992.1) argent \u00e0 l&rsquo;\u00e9chelle 1:8 offre une pr\u00e9sence imposante avec socle et vitrine d&rsquo;exposition. Cr\u00e9\u00e9e en r\u00e9sine par GT Spirit en s\u00e9rie limit\u00e9e, elle magnifie le mod\u00e8le capable d&rsquo;abattre le 0-100 km\/h en seulement 2,7 secondes gr\u00e2ce \u00e0 ses 650 chevaux et sa transmission int\u00e9grale sophistiqu\u00e9e.<\/p>\n","protected":false},"featured_media":69897,"template":"","meta":{"_seopress_robots_primary_cat":"","_seopress_titles_title":"","_seopress_titles_desc":"","_seopress_robots_index":""},"product_brand":[],"product_cat":[71],"product_tag":[189,93,648,92,85,86,323],"class_list":{"0":"post-69858","1":"product","2":"type-product","3":"status-publish","4":"has-post-thumbnail","6":"product_cat-gt-spirit","7":"product_tag-echelle-18","8":"product_tag-edition-limitee","9":"product_tag-janvier-2026","10":"product_tag-resine","11":"product_tag-sans-ouvrants","12":"product_tag-socle-inclus","13":"product_tag-vitrine-incluse","15":"first","16":"instock","17":"taxable","18":"shipping-taxable","19":"purchasable","20":"product-type-simple"},"_links":{"self":[{"href":"https:\/\/modelkars.com\/fr\/wp-json\/wp\/v2\/product\/69858","targetHints":{"allow":["GET"]}}],"collection":[{"href":"https:\/\/modelkars.com\/fr\/wp-json\/wp\/v2\/product"}],"about":[{"href":"https:\/\/modelkars.com\/fr\/wp-json\/wp\/v2\/types\/product"}],"wp:featuredmedia":[{"embeddable":true,"href":"https:\/\/modelkars.com\/fr\/wp-json\/wp\/v2\/media\/69897"}],"wp:attachment":[{"href":"https:\/\/modelkars.com\/fr\/wp-json\/wp\/v2\/media?parent=69858"}],"wp:term":[{"taxonomy":"product_brand","embeddable":true,"href":"https:\/\/modelkars.com\/fr\/wp-json\/wp\/v2\/product_brand?post=69858"},{"taxonomy":"product_cat","embeddable":true,"href":"https:\/\/modelkars.com\/fr\/wp-json\/wp\/v2\/product_cat?post=69858"},{"taxonomy":"product_tag","embeddable":true,"href":"https:\/\/modelkars.com\/fr\/wp-json\/wp\/v2\/product_tag?post=69858"}],"curies":[{"name":"wp","href":"https:\/\/api.w.org\/{rel}","templated":true}]}}