{"id":69855,"date":"2025-12-30T00:00:01","date_gmt":"2025-12-29T23:00:01","guid":{"rendered":"https:\/\/modelkars.com\/?post_type=product&#038;p=69855"},"modified":"2025-12-31T13:59:01","modified_gmt":"2025-12-31T12:59:01","slug":"gt944-aston-martin-valour-violet","status":"publish","type":"product","link":"https:\/\/modelkars.com\/fr\/shop\/gt-spirit\/gt944-aston-martin-valour-violet\/","title":{"rendered":"Aston Martin Valour"},"content":{"rendered":"","protected":false},"excerpt":{"rendered":"<p>Cette Aston Martin Valour violette \u00e0 l&rsquo;\u00e9chelle 1:18 incarne le summum du savoir-faire britannique moderne. Sculpt\u00e9e en r\u00e9sine par GT Spirit en \u00e9dition limit\u00e9e, elle reproduit ce coup\u00e9 exclusif \u00e0 110 exemplaires \u00e9quip\u00e9 d&rsquo;une bo\u00eete manuelle, perp\u00e9tuant la tradition des grand tourisme \u00e0 l&rsquo;ancienne avec 715 chevaux.<\/p>\n","protected":false},"featured_media":74259,"template":"","meta":{"_seopress_robots_primary_cat":"","_seopress_titles_title":"","_seopress_titles_desc":"","_seopress_robots_index":""},"product_brand":[],"product_cat":[71],"product_tag":[647,84,93,92,85],"class_list":{"0":"post-69855","1":"product","2":"type-product","3":"status-publish","4":"has-post-thumbnail","6":"product_cat-gt-spirit","7":"product_tag-decembre-2025","8":"product_tag-echelle-118","9":"product_tag-edition-limitee","10":"product_tag-resine","11":"product_tag-sans-ouvrants","13":"first","14":"outofstock","15":"taxable","16":"shipping-taxable","17":"purchasable","18":"product-type-simple"},"_links":{"self":[{"href":"https:\/\/modelkars.com\/fr\/wp-json\/wp\/v2\/product\/69855","targetHints":{"allow":["GET"]}}],"collection":[{"href":"https:\/\/modelkars.com\/fr\/wp-json\/wp\/v2\/product"}],"about":[{"href":"https:\/\/modelkars.com\/fr\/wp-json\/wp\/v2\/types\/product"}],"wp:featuredmedia":[{"embeddable":true,"href":"https:\/\/modelkars.com\/fr\/wp-json\/wp\/v2\/media\/74259"}],"wp:attachment":[{"href":"https:\/\/modelkars.com\/fr\/wp-json\/wp\/v2\/media?parent=69855"}],"wp:term":[{"taxonomy":"product_brand","embeddable":true,"href":"https:\/\/modelkars.com\/fr\/wp-json\/wp\/v2\/product_brand?post=69855"},{"taxonomy":"product_cat","embeddable":true,"href":"https:\/\/modelkars.com\/fr\/wp-json\/wp\/v2\/product_cat?post=69855"},{"taxonomy":"product_tag","embeddable":true,"href":"https:\/\/modelkars.com\/fr\/wp-json\/wp\/v2\/product_tag?post=69855"}],"curies":[{"name":"wp","href":"https:\/\/api.w.org\/{rel}","templated":true}]}}