{"id":69850,"date":"2026-01-05T17:59:50","date_gmt":"2026-01-05T16:59:50","guid":{"rendered":"https:\/\/modelkars.com\/?post_type=product&#038;p=69850"},"modified":"2026-01-07T17:54:39","modified_gmt":"2026-01-07T16:54:39","slug":"gt535-porsche-911-gt2-rs-weissach-pack-991-2-jaune","status":"publish","type":"product","link":"https:\/\/modelkars.com\/fr\/shop\/gt-spirit\/gt535-porsche-911-gt2-rs-weissach-pack-991-2-jaune\/","title":{"rendered":"Porsche 911 GT2 RS Weissach Pack (991.2)"},"content":{"rendered":"","protected":false},"excerpt":{"rendered":"<p>Cette Porsche 911 GT2 RS Weissach Pack (991.2) jaune \u00e0 l&rsquo;\u00e9chelle 1:12 repr\u00e9sente la 911 routi\u00e8re la plus puissante jamais produite. R\u00e9alis\u00e9e en r\u00e9sine par GT Spirit en s\u00e9rie limit\u00e9e, elle incarne parfaitement l&rsquo;esprit radical de ce mod\u00e8le qui d\u00e9tient le record du tour au N\u00fcrburgring pour une voiture homologu\u00e9e route avec un temps de 6:47.25.<\/p>\n","protected":false},"featured_media":74237,"template":"","meta":{"_seopress_robots_primary_cat":"","_seopress_titles_title":"","_seopress_titles_desc":"","_seopress_robots_index":""},"product_brand":[],"product_cat":[71],"product_tag":[647,188,93,92,85],"class_list":{"0":"post-69850","1":"product","2":"type-product","3":"status-publish","4":"has-post-thumbnail","6":"product_cat-gt-spirit","7":"product_tag-decembre-2025","8":"product_tag-echelle-112","9":"product_tag-edition-limitee","10":"product_tag-resine","11":"product_tag-sans-ouvrants","13":"first","14":"outofstock","15":"taxable","16":"shipping-taxable","17":"purchasable","18":"product-type-simple"},"_links":{"self":[{"href":"https:\/\/modelkars.com\/fr\/wp-json\/wp\/v2\/product\/69850","targetHints":{"allow":["GET"]}}],"collection":[{"href":"https:\/\/modelkars.com\/fr\/wp-json\/wp\/v2\/product"}],"about":[{"href":"https:\/\/modelkars.com\/fr\/wp-json\/wp\/v2\/types\/product"}],"wp:featuredmedia":[{"embeddable":true,"href":"https:\/\/modelkars.com\/fr\/wp-json\/wp\/v2\/media\/74237"}],"wp:attachment":[{"href":"https:\/\/modelkars.com\/fr\/wp-json\/wp\/v2\/media?parent=69850"}],"wp:term":[{"taxonomy":"product_brand","embeddable":true,"href":"https:\/\/modelkars.com\/fr\/wp-json\/wp\/v2\/product_brand?post=69850"},{"taxonomy":"product_cat","embeddable":true,"href":"https:\/\/modelkars.com\/fr\/wp-json\/wp\/v2\/product_cat?post=69850"},{"taxonomy":"product_tag","embeddable":true,"href":"https:\/\/modelkars.com\/fr\/wp-json\/wp\/v2\/product_tag?post=69850"}],"curies":[{"name":"wp","href":"https:\/\/api.w.org\/{rel}","templated":true}]}}