{"id":69849,"date":"2025-07-03T17:59:50","date_gmt":"2025-07-03T15:59:50","guid":{"rendered":"https:\/\/modelkars.com\/?post_type=product&#038;p=69849"},"modified":"2025-12-01T01:52:12","modified_gmt":"2025-12-01T00:52:12","slug":"gts801301-koenigsegg-jesko-blanc","status":"publish","type":"product","link":"https:\/\/modelkars.com\/fr\/shop\/gt-spirit\/gts801301-koenigsegg-jesko-blanc\/","title":{"rendered":"Koenigsegg Jesko"},"content":{"rendered":"","protected":false},"excerpt":{"rendered":"<p>Cette impressionnante Koenigsegg Jesko \u00e0 l&rsquo;\u00e9chelle 1:8 blanche par GT Spirit capture l&rsquo;essence de l&rsquo;hypercar su\u00e9doise dans ses moindres d\u00e9tails. Pr\u00e9sent\u00e9e avec socle et vitrine, cette pi\u00e8ce en s\u00e9rie limit\u00e9e rend hommage \u00e0 la machine capable de th\u00e9oriquement atteindre 531 km\/h gr\u00e2ce \u00e0 son a\u00e9rodynamisme r\u00e9volutionnaire et ses 1600 chevaux.<\/p>\n","protected":false},"featured_media":74215,"template":"","meta":{"_seopress_robots_primary_cat":"","_seopress_titles_title":"","_seopress_titles_desc":"","_seopress_robots_index":""},"product_brand":[],"product_cat":[71,163],"product_tag":[647,189,93,92,85,86,323],"class_list":{"0":"post-69849","1":"product","2":"type-product","3":"status-publish","4":"has-post-thumbnail","6":"product_cat-gt-spirit","7":"product_cat-precommandes","8":"product_tag-decembre-2025","9":"product_tag-echelle-18","10":"product_tag-edition-limitee","11":"product_tag-resine","12":"product_tag-sans-ouvrants","13":"product_tag-socle-inclus","14":"product_tag-vitrine-incluse","16":"first","17":"outofstock","18":"taxable","19":"shipping-taxable","20":"purchasable","21":"product-type-simple"},"_links":{"self":[{"href":"https:\/\/modelkars.com\/fr\/wp-json\/wp\/v2\/product\/69849","targetHints":{"allow":["GET"]}}],"collection":[{"href":"https:\/\/modelkars.com\/fr\/wp-json\/wp\/v2\/product"}],"about":[{"href":"https:\/\/modelkars.com\/fr\/wp-json\/wp\/v2\/types\/product"}],"wp:featuredmedia":[{"embeddable":true,"href":"https:\/\/modelkars.com\/fr\/wp-json\/wp\/v2\/media\/74215"}],"wp:attachment":[{"href":"https:\/\/modelkars.com\/fr\/wp-json\/wp\/v2\/media?parent=69849"}],"wp:term":[{"taxonomy":"product_brand","embeddable":true,"href":"https:\/\/modelkars.com\/fr\/wp-json\/wp\/v2\/product_brand?post=69849"},{"taxonomy":"product_cat","embeddable":true,"href":"https:\/\/modelkars.com\/fr\/wp-json\/wp\/v2\/product_cat?post=69849"},{"taxonomy":"product_tag","embeddable":true,"href":"https:\/\/modelkars.com\/fr\/wp-json\/wp\/v2\/product_tag?post=69849"}],"curies":[{"name":"wp","href":"https:\/\/api.w.org\/{rel}","templated":true}]}}