{"id":69804,"date":"2025-06-29T16:01:20","date_gmt":"2025-06-29T14:01:20","guid":{"rendered":"https:\/\/modelkars.com\/?post_type=product&#038;p=69804"},"modified":"2025-12-01T01:52:13","modified_gmt":"2025-12-01T00:52:13","slug":"ferrari-296-gt3-evo","status":"publish","type":"product","link":"https:\/\/modelkars.com\/fr\/shop\/bbr\/ferrari-296-gt3-evo\/","title":{"rendered":"Ferrari 296 GT3 EVO"},"content":{"rendered":"","protected":false},"excerpt":{"rendered":"<p>Cette voiture miniature \u00e0 l&rsquo;\u00e9chelle 1:18\u00e8me reproduit la Ferrari 296 GT3 EVO. Trois ans apr\u00e8s sa premi\u00e8re version, la 296 GT3 EVO b\u00e9n\u00e9ficie essentiellement d&rsquo;am\u00e9liorations a\u00e9rodynamiques et de suspensions revues pour am\u00e9liorer sa fiabilit\u00e9. Fabriqu\u00e9 par BBR, ce mod\u00e8le r\u00e9duit est r\u00e9alis\u00e9 en r\u00e9sine et livr\u00e9 sur un socle haut de gamme. Miniature produite en s\u00e9rie limit\u00e9e.<\/p>\n","protected":false},"featured_media":69806,"template":"","meta":{"_seopress_robots_primary_cat":"","_seopress_titles_title":"","_seopress_titles_desc":"","_seopress_robots_index":""},"product_brand":[],"product_cat":[315,163],"product_tag":[84,93,92,85,86],"class_list":{"0":"post-69804","1":"product","2":"type-product","3":"status-publish","4":"has-post-thumbnail","6":"product_cat-bbr","7":"product_cat-precommandes","8":"product_tag-echelle-118","9":"product_tag-edition-limitee","10":"product_tag-resine","11":"product_tag-sans-ouvrants","12":"product_tag-socle-inclus","14":"first","15":"outofstock","16":"taxable","17":"shipping-taxable","18":"product-type-simple"},"_links":{"self":[{"href":"https:\/\/modelkars.com\/fr\/wp-json\/wp\/v2\/product\/69804","targetHints":{"allow":["GET"]}}],"collection":[{"href":"https:\/\/modelkars.com\/fr\/wp-json\/wp\/v2\/product"}],"about":[{"href":"https:\/\/modelkars.com\/fr\/wp-json\/wp\/v2\/types\/product"}],"wp:featuredmedia":[{"embeddable":true,"href":"https:\/\/modelkars.com\/fr\/wp-json\/wp\/v2\/media\/69806"}],"wp:attachment":[{"href":"https:\/\/modelkars.com\/fr\/wp-json\/wp\/v2\/media?parent=69804"}],"wp:term":[{"taxonomy":"product_brand","embeddable":true,"href":"https:\/\/modelkars.com\/fr\/wp-json\/wp\/v2\/product_brand?post=69804"},{"taxonomy":"product_cat","embeddable":true,"href":"https:\/\/modelkars.com\/fr\/wp-json\/wp\/v2\/product_cat?post=69804"},{"taxonomy":"product_tag","embeddable":true,"href":"https:\/\/modelkars.com\/fr\/wp-json\/wp\/v2\/product_tag?post=69804"}],"curies":[{"name":"wp","href":"https:\/\/api.w.org\/{rel}","templated":true}]}}