{"id":69345,"date":"2025-12-03T00:00:01","date_gmt":"2025-12-02T23:00:01","guid":{"rendered":"https:\/\/modelkars.com\/?post_type=product&#038;p=69345"},"modified":"2025-12-29T11:37:39","modified_gmt":"2025-12-29T10:37:39","slug":"ot476-volkswagen-golf-ii-gti-by-khyzyl-saleem-gris-ascot","status":"publish","type":"product","link":"https:\/\/modelkars.com\/fr\/shop\/ottomobile\/ot476-volkswagen-golf-ii-gti-by-khyzyl-saleem-gris-ascot\/","title":{"rendered":"Volkswagen Golf II GTI by Khyzyl Saleem"},"content":{"rendered":"","protected":false},"excerpt":{"rendered":"<p>Cette Volkswagen Golf II GTI \u00e0 l&rsquo;\u00e9chelle 1:18 dans sa teinte gris Ascot r\u00e9v\u00e8le la vision de Khyzyl Saleem, le designer connu sous le nom \u00ab\u00a0The Kyza\u00a0\u00bb. R\u00e9alis\u00e9e en r\u00e9sine par OttOmobile et limit\u00e9e \u00e0 3000 exemplaires, cette miniature capture l&rsquo;esprit radical de ce projet unique inspir\u00e9 de l\u00e9gendes du Groupe B. Saleem a r\u00e9volutionn\u00e9 l&rsquo;iconique GTI en imaginant un kit carrosserie extr\u00eame qui a m\u00eame \u00e9t\u00e9 construit en version r\u00e9elle par JP Performance et Prior Design.<\/p>\n","protected":false},"featured_media":69349,"template":"","meta":{"_seopress_robots_primary_cat":"","_seopress_titles_title":"","_seopress_titles_desc":"","_seopress_robots_index":""},"product_brand":[],"product_cat":[225],"product_tag":[84,93,92,85],"class_list":{"0":"post-69345","1":"product","2":"type-product","3":"status-publish","4":"has-post-thumbnail","6":"product_cat-ottomobile","7":"product_tag-echelle-118","8":"product_tag-edition-limitee","9":"product_tag-resine","10":"product_tag-sans-ouvrants","12":"first","13":"outofstock","14":"taxable","15":"shipping-taxable","16":"purchasable","17":"product-type-simple"},"_links":{"self":[{"href":"https:\/\/modelkars.com\/fr\/wp-json\/wp\/v2\/product\/69345","targetHints":{"allow":["GET"]}}],"collection":[{"href":"https:\/\/modelkars.com\/fr\/wp-json\/wp\/v2\/product"}],"about":[{"href":"https:\/\/modelkars.com\/fr\/wp-json\/wp\/v2\/types\/product"}],"wp:featuredmedia":[{"embeddable":true,"href":"https:\/\/modelkars.com\/fr\/wp-json\/wp\/v2\/media\/69349"}],"wp:attachment":[{"href":"https:\/\/modelkars.com\/fr\/wp-json\/wp\/v2\/media?parent=69345"}],"wp:term":[{"taxonomy":"product_brand","embeddable":true,"href":"https:\/\/modelkars.com\/fr\/wp-json\/wp\/v2\/product_brand?post=69345"},{"taxonomy":"product_cat","embeddable":true,"href":"https:\/\/modelkars.com\/fr\/wp-json\/wp\/v2\/product_cat?post=69345"},{"taxonomy":"product_tag","embeddable":true,"href":"https:\/\/modelkars.com\/fr\/wp-json\/wp\/v2\/product_tag?post=69345"}],"curies":[{"name":"wp","href":"https:\/\/api.w.org\/{rel}","templated":true}]}}