{"id":68795,"date":"2025-10-27T00:00:01","date_gmt":"2025-10-26T23:00:01","guid":{"rendered":"https:\/\/modelkars.com\/?post_type=product&#038;p=68795"},"modified":"2025-12-01T01:51:38","modified_gmt":"2025-12-01T00:51:38","slug":"ot1135-nissan-skyline-gt-r-r34-by-krc-blanc","status":"publish","type":"product","link":"https:\/\/modelkars.com\/fr\/shop\/ottomobile\/ot1135-nissan-skyline-gt-r-r34-by-krc-blanc\/","title":{"rendered":"Nissan Skyline GT-R R34 by KRC"},"content":{"rendered":"","protected":false},"excerpt":{"rendered":"<p>Cette Nissan Skyline GT-R R34 by KRC \u00e0 l&rsquo;\u00e9chelle 1:18 d&rsquo;OttOmobile sublime l&rsquo;ic\u00f4ne japonaise dans sa robe blanche. Produite en r\u00e9sine en s\u00e9rie limit\u00e9e, elle arbore les modifications du c\u00e9l\u00e8bre tuner nippon KRC. KRC est l&rsquo;une des principales soci\u00e9t\u00e9s de tuning du Japon, fond\u00e9e par le designer Nobutaka Tsutsui. Cette R34 transform\u00e9e illustre parfaitement l&rsquo;art du tuning japonais o\u00f9 la performance rencontre l&rsquo;esth\u00e9tique extr\u00eame.<\/p>\n","protected":false},"featured_media":68899,"template":"","meta":{"_seopress_robots_primary_cat":"","_seopress_titles_title":"","_seopress_titles_desc":"","_seopress_robots_index":""},"product_brand":[],"product_cat":[225],"product_tag":[84,93,92,85],"class_list":{"0":"post-68795","1":"product","2":"type-product","3":"status-publish","4":"has-post-thumbnail","6":"product_cat-ottomobile","7":"product_tag-echelle-118","8":"product_tag-edition-limitee","9":"product_tag-resine","10":"product_tag-sans-ouvrants","12":"first","13":"outofstock","14":"taxable","15":"shipping-taxable","16":"purchasable","17":"product-type-simple"},"_links":{"self":[{"href":"https:\/\/modelkars.com\/fr\/wp-json\/wp\/v2\/product\/68795","targetHints":{"allow":["GET"]}}],"collection":[{"href":"https:\/\/modelkars.com\/fr\/wp-json\/wp\/v2\/product"}],"about":[{"href":"https:\/\/modelkars.com\/fr\/wp-json\/wp\/v2\/types\/product"}],"wp:featuredmedia":[{"embeddable":true,"href":"https:\/\/modelkars.com\/fr\/wp-json\/wp\/v2\/media\/68899"}],"wp:attachment":[{"href":"https:\/\/modelkars.com\/fr\/wp-json\/wp\/v2\/media?parent=68795"}],"wp:term":[{"taxonomy":"product_brand","embeddable":true,"href":"https:\/\/modelkars.com\/fr\/wp-json\/wp\/v2\/product_brand?post=68795"},{"taxonomy":"product_cat","embeddable":true,"href":"https:\/\/modelkars.com\/fr\/wp-json\/wp\/v2\/product_cat?post=68795"},{"taxonomy":"product_tag","embeddable":true,"href":"https:\/\/modelkars.com\/fr\/wp-json\/wp\/v2\/product_tag?post=68795"}],"curies":[{"name":"wp","href":"https:\/\/api.w.org\/{rel}","templated":true}]}}