{"id":68794,"date":"2025-10-27T00:00:01","date_gmt":"2025-10-26T23:00:01","guid":{"rendered":"https:\/\/modelkars.com\/?post_type=product&#038;p=68794"},"modified":"2025-12-08T18:46:42","modified_gmt":"2025-12-08T17:46:42","slug":"ot1176-bmw-m3-e36-khyzyl-sleem-blanc-decoration-m-motorsport","status":"publish","type":"product","link":"https:\/\/modelkars.com\/fr\/shop\/ottomobile\/ot1176-bmw-m3-e36-khyzyl-sleem-blanc-decoration-m-motorsport\/","title":{"rendered":"BMW M3 E36 Khyzyl Saleem"},"content":{"rendered":"","protected":false},"excerpt":{"rendered":"<p>Cette BMW M3 E36 Khyzyl Sleem \u00e0 l&rsquo;\u00e9chelle 1:18 par OttOmobile est r\u00e9alis\u00e9e en r\u00e9sine avec une finition blanc\/d\u00e9coration M Motorsport. Cette s\u00e9rie limit\u00e9e reproduit l&rsquo;une des cr\u00e9ations les plus audacieuses de l&rsquo;univers du tuning. Khyzyl Saleem est un designer automobile qui r\u00e9invente les formes les plus iconiques de l&rsquo;histoire automobile. Son interpr\u00e9tation de la E36 transcende les codes \u00e9tablis avec une esth\u00e9tique futuriste saisissante.<\/p>\n","protected":false},"featured_media":68877,"template":"","meta":{"_seopress_robots_primary_cat":"","_seopress_titles_title":"","_seopress_titles_desc":"","_seopress_robots_index":""},"product_brand":[],"product_cat":[225],"product_tag":[84,93,92,85],"class_list":{"0":"post-68794","1":"product","2":"type-product","3":"status-publish","4":"has-post-thumbnail","6":"product_cat-ottomobile","7":"product_tag-echelle-118","8":"product_tag-edition-limitee","9":"product_tag-resine","10":"product_tag-sans-ouvrants","12":"first","13":"outofstock","14":"taxable","15":"shipping-taxable","16":"purchasable","17":"product-type-simple"},"_links":{"self":[{"href":"https:\/\/modelkars.com\/fr\/wp-json\/wp\/v2\/product\/68794","targetHints":{"allow":["GET"]}}],"collection":[{"href":"https:\/\/modelkars.com\/fr\/wp-json\/wp\/v2\/product"}],"about":[{"href":"https:\/\/modelkars.com\/fr\/wp-json\/wp\/v2\/types\/product"}],"wp:featuredmedia":[{"embeddable":true,"href":"https:\/\/modelkars.com\/fr\/wp-json\/wp\/v2\/media\/68877"}],"wp:attachment":[{"href":"https:\/\/modelkars.com\/fr\/wp-json\/wp\/v2\/media?parent=68794"}],"wp:term":[{"taxonomy":"product_brand","embeddable":true,"href":"https:\/\/modelkars.com\/fr\/wp-json\/wp\/v2\/product_brand?post=68794"},{"taxonomy":"product_cat","embeddable":true,"href":"https:\/\/modelkars.com\/fr\/wp-json\/wp\/v2\/product_cat?post=68794"},{"taxonomy":"product_tag","embeddable":true,"href":"https:\/\/modelkars.com\/fr\/wp-json\/wp\/v2\/product_tag?post=68794"}],"curies":[{"name":"wp","href":"https:\/\/api.w.org\/{rel}","templated":true}]}}