{"id":68793,"date":"2025-10-27T00:00:01","date_gmt":"2025-10-26T23:00:01","guid":{"rendered":"https:\/\/modelkars.com\/?post_type=product&#038;p=68793"},"modified":"2026-01-13T02:21:23","modified_gmt":"2026-01-13T01:21:23","slug":"ot1122-toyota-supra-gt4-e-cheli-e-joulie-ffsa-gt4-championship-2023","status":"publish","type":"product","link":"https:\/\/modelkars.com\/fr\/shop\/ottomobile\/ot1122-toyota-supra-gt4-e-cheli-e-joulie-ffsa-gt4-championship-2023\/","title":{"rendered":"Toyota Supra GT4"},"content":{"rendered":"","protected":false},"excerpt":{"rendered":"<p>Cette Toyota Supra GT4 \u00e0 l&rsquo;\u00e9chelle 1:18 d&rsquo;OttOmobile capture l&rsquo;essence de la comp\u00e9tition avec la livr\u00e9e sp\u00e9ciale du championnat FFSA GT4 2023. Moul\u00e9e en r\u00e9sine dans cette s\u00e9rie limit\u00e9e, elle c\u00e9l\u00e8bre l&rsquo;engagement de Toyota dans la cat\u00e9gorie GT4. Propuls\u00e9e par un six cylindres en ligne turbocompress\u00e9 de trois litres d\u00e9veloppant 430ch, la GR Supra GT4 ne p\u00e8se que 1350kg.<\/p>\n","protected":false},"featured_media":68818,"template":"","meta":{"_seopress_robots_primary_cat":"","_seopress_titles_title":"","_seopress_titles_desc":"","_seopress_robots_index":""},"product_brand":[],"product_cat":[225],"product_tag":[84,93,92,85],"class_list":{"0":"post-68793","1":"product","2":"type-product","3":"status-publish","4":"has-post-thumbnail","6":"product_cat-ottomobile","7":"product_tag-echelle-118","8":"product_tag-edition-limitee","9":"product_tag-resine","10":"product_tag-sans-ouvrants","12":"first","13":"outofstock","14":"taxable","15":"shipping-taxable","16":"purchasable","17":"product-type-simple"},"_links":{"self":[{"href":"https:\/\/modelkars.com\/fr\/wp-json\/wp\/v2\/product\/68793","targetHints":{"allow":["GET"]}}],"collection":[{"href":"https:\/\/modelkars.com\/fr\/wp-json\/wp\/v2\/product"}],"about":[{"href":"https:\/\/modelkars.com\/fr\/wp-json\/wp\/v2\/types\/product"}],"wp:featuredmedia":[{"embeddable":true,"href":"https:\/\/modelkars.com\/fr\/wp-json\/wp\/v2\/media\/68818"}],"wp:attachment":[{"href":"https:\/\/modelkars.com\/fr\/wp-json\/wp\/v2\/media?parent=68793"}],"wp:term":[{"taxonomy":"product_brand","embeddable":true,"href":"https:\/\/modelkars.com\/fr\/wp-json\/wp\/v2\/product_brand?post=68793"},{"taxonomy":"product_cat","embeddable":true,"href":"https:\/\/modelkars.com\/fr\/wp-json\/wp\/v2\/product_cat?post=68793"},{"taxonomy":"product_tag","embeddable":true,"href":"https:\/\/modelkars.com\/fr\/wp-json\/wp\/v2\/product_tag?post=68793"}],"curies":[{"name":"wp","href":"https:\/\/api.w.org\/{rel}","templated":true}]}}