{"id":68503,"date":"2026-02-23T00:00:01","date_gmt":"2026-02-22T23:00:01","guid":{"rendered":"https:\/\/modelkars.com\/?post_type=product&#038;p=68503"},"modified":"2026-03-30T16:35:05","modified_gmt":"2026-03-30T14:35:05","slug":"p18264c-alfa-romeo-33-stradale-arancione","status":"publish","type":"product","link":"https:\/\/modelkars.com\/fr\/shop\/bbr\/p18264c-alfa-romeo-33-stradale-arancione\/","title":{"rendered":"Alfa Romeo 33 Stradale"},"content":{"rendered":"","protected":false},"excerpt":{"rendered":"<p>Cette miniature d&rsquo;Alfa Romeo 33 Stradale \u00e0 l&rsquo;\u00e9chelle 1:18 rayonne dans sa robe orange Arancione, couleur qui souligne le caract\u00e8re audacieux de cette hypercar moderne. Fa\u00e7onn\u00e9e par BBR en r\u00e9sine et livr\u00e9e avec son socle \u00e9l\u00e9gant, elle immortalise un v\u00e9hicule dont le moteur hybride V6 d\u00e9veloppe une puissance ph\u00e9nom\u00e9nale. La 33 Stradale contemporaine perp\u00e9tue l&rsquo;h\u00e9ritage d&rsquo;un mod\u00e8le consid\u00e9r\u00e9 comme l&rsquo;une des plus belles automobiles jamais cr\u00e9\u00e9es.<\/p>\n","protected":false},"featured_media":99232,"template":"","meta":{"_seopress_robots_primary_cat":"","_seopress_titles_title":"","_seopress_titles_desc":"","_seopress_robots_index":""},"product_brand":[],"product_cat":[315],"product_tag":[84,93,92,85,86],"class_list":{"0":"post-68503","1":"product","2":"type-product","3":"status-publish","4":"has-post-thumbnail","6":"product_cat-bbr","7":"product_tag-echelle-118","8":"product_tag-edition-limitee","9":"product_tag-resine","10":"product_tag-sans-ouvrants","11":"product_tag-socle-inclus","13":"first","14":"outofstock","15":"taxable","16":"shipping-taxable","17":"purchasable","18":"product-type-simple"},"_links":{"self":[{"href":"https:\/\/modelkars.com\/fr\/wp-json\/wp\/v2\/product\/68503","targetHints":{"allow":["GET"]}}],"collection":[{"href":"https:\/\/modelkars.com\/fr\/wp-json\/wp\/v2\/product"}],"about":[{"href":"https:\/\/modelkars.com\/fr\/wp-json\/wp\/v2\/types\/product"}],"wp:featuredmedia":[{"embeddable":true,"href":"https:\/\/modelkars.com\/fr\/wp-json\/wp\/v2\/media\/99232"}],"wp:attachment":[{"href":"https:\/\/modelkars.com\/fr\/wp-json\/wp\/v2\/media?parent=68503"}],"wp:term":[{"taxonomy":"product_brand","embeddable":true,"href":"https:\/\/modelkars.com\/fr\/wp-json\/wp\/v2\/product_brand?post=68503"},{"taxonomy":"product_cat","embeddable":true,"href":"https:\/\/modelkars.com\/fr\/wp-json\/wp\/v2\/product_cat?post=68503"},{"taxonomy":"product_tag","embeddable":true,"href":"https:\/\/modelkars.com\/fr\/wp-json\/wp\/v2\/product_tag?post=68503"}],"curies":[{"name":"wp","href":"https:\/\/api.w.org\/{rel}","templated":true}]}}