{"id":68433,"date":"2026-01-12T20:43:34","date_gmt":"2026-01-12T19:43:34","guid":{"rendered":"https:\/\/modelkars.com\/?post_type=product&#038;p=68433"},"modified":"2026-01-15T19:39:39","modified_gmt":"2026-01-15T18:39:39","slug":"lambo062se3-lamborghini-temerario-alleggerita-viola-bast-interieur-jaune-et-noir","status":"publish","type":"product","link":"https:\/\/modelkars.com\/fr\/shop\/mr-collection\/lambo062se3-lamborghini-temerario-alleggerita-viola-bast-interieur-jaune-et-noir\/","title":{"rendered":"Lamborghini Temerario Alleggerita"},"content":{"rendered":"","protected":false},"excerpt":{"rendered":"<p>Cette Lamborghini Temerario Alleggerita 1:18 de MR Collection incarne la r\u00e9volution hybride de Sant&rsquo;Agata Bolognese. R\u00e9alis\u00e9e en r\u00e9sine dans un somptueux coloris Viola Bast avec int\u00e9rieur jaune et noir, cette \u00e9dition ultra-limit\u00e9e \u00e0 63 exemplaires est accompagn\u00e9e de son socle et vitrine. Elle repr\u00e9sente la premi\u00e8re Lamborghini \u00e9quip\u00e9e d&rsquo;un V8 biturbo associ\u00e9 \u00e0 trois moteurs \u00e9lectriques, capable d&rsquo;atteindre 10 000 tr\/min, marquant une nouvelle \u00e8re pour le constructeur italien avec ses 920 chevaux combin\u00e9s.<\/p>\n","protected":false},"featured_media":78703,"template":"","meta":{"_seopress_robots_primary_cat":"","_seopress_titles_title":"","_seopress_titles_desc":"","_seopress_robots_index":""},"product_brand":[],"product_cat":[95],"product_tag":[84,93,92,85,86,323],"class_list":{"0":"post-68433","1":"product","2":"type-product","3":"status-publish","4":"has-post-thumbnail","6":"product_cat-mr-collection","7":"product_tag-echelle-118","8":"product_tag-edition-limitee","9":"product_tag-resine","10":"product_tag-sans-ouvrants","11":"product_tag-socle-inclus","12":"product_tag-vitrine-incluse","14":"first","15":"instock","16":"taxable","17":"shipping-taxable","18":"purchasable","19":"product-type-simple"},"_links":{"self":[{"href":"https:\/\/modelkars.com\/fr\/wp-json\/wp\/v2\/product\/68433","targetHints":{"allow":["GET"]}}],"collection":[{"href":"https:\/\/modelkars.com\/fr\/wp-json\/wp\/v2\/product"}],"about":[{"href":"https:\/\/modelkars.com\/fr\/wp-json\/wp\/v2\/types\/product"}],"wp:featuredmedia":[{"embeddable":true,"href":"https:\/\/modelkars.com\/fr\/wp-json\/wp\/v2\/media\/78703"}],"wp:attachment":[{"href":"https:\/\/modelkars.com\/fr\/wp-json\/wp\/v2\/media?parent=68433"}],"wp:term":[{"taxonomy":"product_brand","embeddable":true,"href":"https:\/\/modelkars.com\/fr\/wp-json\/wp\/v2\/product_brand?post=68433"},{"taxonomy":"product_cat","embeddable":true,"href":"https:\/\/modelkars.com\/fr\/wp-json\/wp\/v2\/product_cat?post=68433"},{"taxonomy":"product_tag","embeddable":true,"href":"https:\/\/modelkars.com\/fr\/wp-json\/wp\/v2\/product_tag?post=68433"}],"curies":[{"name":"wp","href":"https:\/\/api.w.org\/{rel}","templated":true}]}}