{"id":68432,"date":"2025-06-18T00:00:01","date_gmt":"2025-06-17T22:00:01","guid":{"rendered":"https:\/\/modelkars.com\/?post_type=product&#038;p=68432"},"modified":"2025-12-23T07:42:48","modified_gmt":"2025-12-23T06:42:48","slug":"18s661-ford-mustang-gt3-88-le-mans-2024-team-proton-competition-roda-pedersen-olsen","status":"publish","type":"product","link":"https:\/\/modelkars.com\/fr\/shop\/spark\/18s661-ford-mustang-gt3-88-le-mans-2024-team-proton-competition-roda-pedersen-olsen\/","title":{"rendered":"Ford Mustang GT3 #88 Le Mans 2024"},"content":{"rendered":"","protected":false},"excerpt":{"rendered":"<p>La Ford Mustang GT3 #88 \u00e0 l&rsquo;\u00e9chelle 1:18 symbolise l&rsquo;excellence am\u00e9ricaine. Cette cr\u00e9ation Spark en r\u00e9sine reproduit m\u00e9ticuleusement la livr\u00e9e noire et or de Proton Competition de Roda, Pedersen et Olsen, qui ont termin\u00e9 sur le podium des 24 Heures du Mans 2024. Pr\u00e9sent\u00e9e dans sa vitrine avec socle, cette s\u00e9rie limit\u00e9e c\u00e9l\u00e8bre un exploit historique : la premi\u00e8re apparition de la Mustang GT3 au Mans s&rsquo;est sold\u00e9e par une remarquable troisi\u00e8me place, d\u00e9montrant la polyvalence de son ch\u00e2ssis d\u00e9velopp\u00e9 par Multimatic.<\/p>\n","protected":false},"featured_media":68474,"template":"","meta":{"_seopress_robots_primary_cat":"","_seopress_titles_title":"","_seopress_titles_desc":"","_seopress_robots_index":""},"product_brand":[],"product_cat":[216],"product_tag":[84,93,92,85,86,323],"class_list":{"0":"post-68432","1":"product","2":"type-product","3":"status-publish","4":"has-post-thumbnail","6":"product_cat-spark","7":"product_tag-echelle-118","8":"product_tag-edition-limitee","9":"product_tag-resine","10":"product_tag-sans-ouvrants","11":"product_tag-socle-inclus","12":"product_tag-vitrine-incluse","14":"first","15":"outofstock","16":"taxable","17":"shipping-taxable","18":"purchasable","19":"product-type-simple"},"_links":{"self":[{"href":"https:\/\/modelkars.com\/fr\/wp-json\/wp\/v2\/product\/68432","targetHints":{"allow":["GET"]}}],"collection":[{"href":"https:\/\/modelkars.com\/fr\/wp-json\/wp\/v2\/product"}],"about":[{"href":"https:\/\/modelkars.com\/fr\/wp-json\/wp\/v2\/types\/product"}],"wp:featuredmedia":[{"embeddable":true,"href":"https:\/\/modelkars.com\/fr\/wp-json\/wp\/v2\/media\/68474"}],"wp:attachment":[{"href":"https:\/\/modelkars.com\/fr\/wp-json\/wp\/v2\/media?parent=68432"}],"wp:term":[{"taxonomy":"product_brand","embeddable":true,"href":"https:\/\/modelkars.com\/fr\/wp-json\/wp\/v2\/product_brand?post=68432"},{"taxonomy":"product_cat","embeddable":true,"href":"https:\/\/modelkars.com\/fr\/wp-json\/wp\/v2\/product_cat?post=68432"},{"taxonomy":"product_tag","embeddable":true,"href":"https:\/\/modelkars.com\/fr\/wp-json\/wp\/v2\/product_tag?post=68432"}],"curies":[{"name":"wp","href":"https:\/\/api.w.org\/{rel}","templated":true}]}}