{"id":68430,"date":"2025-06-18T00:00:01","date_gmt":"2025-06-17T22:00:01","guid":{"rendered":"https:\/\/modelkars.com\/?post_type=product&#038;p=68430"},"modified":"2025-12-01T01:52:15","modified_gmt":"2025-12-01T00:52:15","slug":"18s657-ford-mustang-gt3-44-le-mans-2024-team-proton-competition-hartshome-tuck-mies","status":"publish","type":"product","link":"https:\/\/modelkars.com\/fr\/shop\/spark\/18s657-ford-mustang-gt3-44-le-mans-2024-team-proton-competition-hartshome-tuck-mies\/","title":{"rendered":"Ford Mustang GT3 #44 Le Mans 2024"},"content":{"rendered":"","protected":false},"excerpt":{"rendered":"<p>Cette Ford Mustang GT3 #44 \u00e0 l&rsquo;\u00e9chelle 1:18 immortalise l&rsquo;entr\u00e9e de l&rsquo;ic\u00f4ne am\u00e9ricaine au Mans en 2024. R\u00e9alis\u00e9e par Spark en r\u00e9sine, elle reproduit la livr\u00e9e jaune \u00e0 bandes noires de Proton Competition (Hartshorne, Tuck et Mies). Cette miniature en s\u00e9rie limit\u00e9e, pr\u00e9sent\u00e9e avec socle et vitrine, comm\u00e9more les d\u00e9buts remarquables de la Mustang GT3 qui a imm\u00e9diatement montr\u00e9 son potentiel en terminant quatri\u00e8me de sa cat\u00e9gorie, propuls\u00e9e par son V8 atmosph\u00e9rique de 5,4 litres.<\/p>\n","protected":false},"featured_media":68458,"template":"","meta":{"_seopress_robots_primary_cat":"","_seopress_titles_title":"","_seopress_titles_desc":"","_seopress_robots_index":""},"product_brand":[],"product_cat":[216],"product_tag":[84,93,92,85,86,323],"class_list":{"0":"post-68430","1":"product","2":"type-product","3":"status-publish","4":"has-post-thumbnail","6":"product_cat-spark","7":"product_tag-echelle-118","8":"product_tag-edition-limitee","9":"product_tag-resine","10":"product_tag-sans-ouvrants","11":"product_tag-socle-inclus","12":"product_tag-vitrine-incluse","14":"first","15":"outofstock","16":"taxable","17":"shipping-taxable","18":"purchasable","19":"product-type-simple"},"_links":{"self":[{"href":"https:\/\/modelkars.com\/fr\/wp-json\/wp\/v2\/product\/68430","targetHints":{"allow":["GET"]}}],"collection":[{"href":"https:\/\/modelkars.com\/fr\/wp-json\/wp\/v2\/product"}],"about":[{"href":"https:\/\/modelkars.com\/fr\/wp-json\/wp\/v2\/types\/product"}],"wp:featuredmedia":[{"embeddable":true,"href":"https:\/\/modelkars.com\/fr\/wp-json\/wp\/v2\/media\/68458"}],"wp:attachment":[{"href":"https:\/\/modelkars.com\/fr\/wp-json\/wp\/v2\/media?parent=68430"}],"wp:term":[{"taxonomy":"product_brand","embeddable":true,"href":"https:\/\/modelkars.com\/fr\/wp-json\/wp\/v2\/product_brand?post=68430"},{"taxonomy":"product_cat","embeddable":true,"href":"https:\/\/modelkars.com\/fr\/wp-json\/wp\/v2\/product_cat?post=68430"},{"taxonomy":"product_tag","embeddable":true,"href":"https:\/\/modelkars.com\/fr\/wp-json\/wp\/v2\/product_tag?post=68430"}],"curies":[{"name":"wp","href":"https:\/\/api.w.org\/{rel}","templated":true}]}}