{"id":68429,"date":"2025-06-18T00:00:01","date_gmt":"2025-06-17T22:00:01","guid":{"rendered":"https:\/\/modelkars.com\/?post_type=product&#038;p=68429"},"modified":"2025-12-01T01:52:15","modified_gmt":"2025-12-01T00:52:15","slug":"18s651-lamborghini-sc63-63-le-mans-2024-team-iron-linx-bortolotti-kvyat-mortara","status":"publish","type":"product","link":"https:\/\/modelkars.com\/fr\/shop\/spark\/18s651-lamborghini-sc63-63-le-mans-2024-team-iron-linx-bortolotti-kvyat-mortara\/","title":{"rendered":"Lamborghini SC63 #63 Le Mans 2024"},"content":{"rendered":"","protected":false},"excerpt":{"rendered":"<p>La Lamborghini SC63 \u00e0 l&rsquo;\u00e9chelle 1:18 marque l&rsquo;entr\u00e9e historique du taureau de Sant&rsquo;Agata dans l&rsquo;\u00e8re moderne de l&rsquo;endurance. Cette reproduction Spark en r\u00e9sine arbore les couleurs Iron Lynx #63 de Bortolotti, Kvyat et Mortara lors des 24 Heures du Mans 2024. Accompagn\u00e9e de sa vitrine et son socle, cette s\u00e9rie limit\u00e9e c\u00e9l\u00e8bre le retour de Lamborghini en prototype apr\u00e8s plus de deux d\u00e9cennies d&rsquo;absence, terminant remarquablement dans le top 10 d\u00e8s ses d\u00e9buts.<\/p>\n","protected":false},"featured_media":68450,"template":"","meta":{"_seopress_robots_primary_cat":"","_seopress_titles_title":"","_seopress_titles_desc":"","_seopress_robots_index":""},"product_brand":[],"product_cat":[216],"product_tag":[84,93,92,85,86,323],"class_list":{"0":"post-68429","1":"product","2":"type-product","3":"status-publish","4":"has-post-thumbnail","6":"product_cat-spark","7":"product_tag-echelle-118","8":"product_tag-edition-limitee","9":"product_tag-resine","10":"product_tag-sans-ouvrants","11":"product_tag-socle-inclus","12":"product_tag-vitrine-incluse","14":"first","15":"outofstock","16":"taxable","17":"shipping-taxable","18":"purchasable","19":"product-type-simple"},"_links":{"self":[{"href":"https:\/\/modelkars.com\/fr\/wp-json\/wp\/v2\/product\/68429","targetHints":{"allow":["GET"]}}],"collection":[{"href":"https:\/\/modelkars.com\/fr\/wp-json\/wp\/v2\/product"}],"about":[{"href":"https:\/\/modelkars.com\/fr\/wp-json\/wp\/v2\/types\/product"}],"wp:featuredmedia":[{"embeddable":true,"href":"https:\/\/modelkars.com\/fr\/wp-json\/wp\/v2\/media\/68450"}],"wp:attachment":[{"href":"https:\/\/modelkars.com\/fr\/wp-json\/wp\/v2\/media?parent=68429"}],"wp:term":[{"taxonomy":"product_brand","embeddable":true,"href":"https:\/\/modelkars.com\/fr\/wp-json\/wp\/v2\/product_brand?post=68429"},{"taxonomy":"product_cat","embeddable":true,"href":"https:\/\/modelkars.com\/fr\/wp-json\/wp\/v2\/product_cat?post=68429"},{"taxonomy":"product_tag","embeddable":true,"href":"https:\/\/modelkars.com\/fr\/wp-json\/wp\/v2\/product_tag?post=68429"}],"curies":[{"name":"wp","href":"https:\/\/api.w.org\/{rel}","templated":true}]}}