{"id":68428,"date":"2025-06-18T00:00:01","date_gmt":"2025-06-17T22:00:01","guid":{"rendered":"https:\/\/modelkars.com\/?post_type=product&#038;p=68428"},"modified":"2025-12-01T01:52:15","modified_gmt":"2025-12-01T00:52:15","slug":"18s637-peugeot-9x8-hypercar-94-le-mans-2024-team-peugeot-totalenergies-vandoome-di-resta-duval","status":"publish","type":"product","link":"https:\/\/modelkars.com\/fr\/shop\/spark\/18s637-peugeot-9x8-hypercar-94-le-mans-2024-team-peugeot-totalenergies-vandoome-di-resta-duval\/","title":{"rendered":"Peugeot 9X8 Hypercar #94 Le Mans 2024"},"content":{"rendered":"","protected":false},"excerpt":{"rendered":"<p>Cette miniature 1:18 de la Peugeot 9X8 #94 incarne la d\u00e9termination fran\u00e7aise sur le circuit de la Sarthe en 2024. Fabriqu\u00e9e par Spark en r\u00e9sine avec une finition exemplaire, elle reproduit fid\u00e8lement la livr\u00e9e TotalEnergies de Vandoorne, di Resta et Duval. Pr\u00e9sent\u00e9e avec socle et vitrine, cette pi\u00e8ce de collection en s\u00e9rie limit\u00e9e t\u00e9moigne de la strat\u00e9gie audacieuse de Peugeot.<\/p>\n","protected":false},"featured_media":68442,"template":"","meta":{"_seopress_robots_primary_cat":"","_seopress_titles_title":"","_seopress_titles_desc":"","_seopress_robots_index":""},"product_brand":[],"product_cat":[216],"product_tag":[84,93,92,85,86,323],"class_list":{"0":"post-68428","1":"product","2":"type-product","3":"status-publish","4":"has-post-thumbnail","6":"product_cat-spark","7":"product_tag-echelle-118","8":"product_tag-edition-limitee","9":"product_tag-resine","10":"product_tag-sans-ouvrants","11":"product_tag-socle-inclus","12":"product_tag-vitrine-incluse","14":"first","15":"outofstock","16":"taxable","17":"shipping-taxable","18":"purchasable","19":"product-type-simple"},"_links":{"self":[{"href":"https:\/\/modelkars.com\/fr\/wp-json\/wp\/v2\/product\/68428","targetHints":{"allow":["GET"]}}],"collection":[{"href":"https:\/\/modelkars.com\/fr\/wp-json\/wp\/v2\/product"}],"about":[{"href":"https:\/\/modelkars.com\/fr\/wp-json\/wp\/v2\/types\/product"}],"wp:featuredmedia":[{"embeddable":true,"href":"https:\/\/modelkars.com\/fr\/wp-json\/wp\/v2\/media\/68442"}],"wp:attachment":[{"href":"https:\/\/modelkars.com\/fr\/wp-json\/wp\/v2\/media?parent=68428"}],"wp:term":[{"taxonomy":"product_brand","embeddable":true,"href":"https:\/\/modelkars.com\/fr\/wp-json\/wp\/v2\/product_brand?post=68428"},{"taxonomy":"product_cat","embeddable":true,"href":"https:\/\/modelkars.com\/fr\/wp-json\/wp\/v2\/product_cat?post=68428"},{"taxonomy":"product_tag","embeddable":true,"href":"https:\/\/modelkars.com\/fr\/wp-json\/wp\/v2\/product_tag?post=68428"}],"curies":[{"name":"wp","href":"https:\/\/api.w.org\/{rel}","templated":true}]}}