{"id":68427,"date":"2025-06-18T00:00:01","date_gmt":"2025-06-17T22:00:01","guid":{"rendered":"https:\/\/modelkars.com\/?post_type=product&#038;p=68427"},"modified":"2025-12-01T01:52:15","modified_gmt":"2025-12-01T00:52:15","slug":"18s636-peugeot-9x8-hypercar-93-le-mans-2024-team-peugeot-totalenergies-vergne-jensen-muller","status":"publish","type":"product","link":"https:\/\/modelkars.com\/fr\/shop\/spark\/18s636-peugeot-9x8-hypercar-93-le-mans-2024-team-peugeot-totalenergies-vergne-jensen-muller\/","title":{"rendered":"Peugeot 9X8 Hypercar #93 Le Mans 2024"},"content":{"rendered":"","protected":false},"excerpt":{"rendered":"<p>Cette Peugeot 9X8 Hypercar \u00e0 l&rsquo;\u00e9chelle 1:18 capture l&rsquo;esprit de l&rsquo;\u00e9quipe TotalEnergies lors des 24 Heures du Mans 2024. R\u00e9alis\u00e9e par Spark en r\u00e9sine, elle arbore la livr\u00e9e officielle num\u00e9ro 93 de Vergne, Jensen et M\u00fcller. Cette reproduction en s\u00e9rie limit\u00e9e, accompagn\u00e9e de son socle et vitrine, immortalise une voiture r\u00e9volutionnaire qui a subi une refonte compl\u00e8te \u00e0 90% de sa carrosserie pour 2024, abandonnant son concept original sans aileron arri\u00e8re.<\/p>\n","protected":false},"featured_media":68434,"template":"","meta":{"_seopress_robots_primary_cat":"","_seopress_titles_title":"","_seopress_titles_desc":"","_seopress_robots_index":""},"product_brand":[],"product_cat":[216],"product_tag":[84,93,92,85,86,323],"class_list":{"0":"post-68427","1":"product","2":"type-product","3":"status-publish","4":"has-post-thumbnail","6":"product_cat-spark","7":"product_tag-echelle-118","8":"product_tag-edition-limitee","9":"product_tag-resine","10":"product_tag-sans-ouvrants","11":"product_tag-socle-inclus","12":"product_tag-vitrine-incluse","14":"first","15":"outofstock","16":"taxable","17":"shipping-taxable","18":"purchasable","19":"product-type-simple"},"_links":{"self":[{"href":"https:\/\/modelkars.com\/fr\/wp-json\/wp\/v2\/product\/68427","targetHints":{"allow":["GET"]}}],"collection":[{"href":"https:\/\/modelkars.com\/fr\/wp-json\/wp\/v2\/product"}],"about":[{"href":"https:\/\/modelkars.com\/fr\/wp-json\/wp\/v2\/types\/product"}],"wp:featuredmedia":[{"embeddable":true,"href":"https:\/\/modelkars.com\/fr\/wp-json\/wp\/v2\/media\/68434"}],"wp:attachment":[{"href":"https:\/\/modelkars.com\/fr\/wp-json\/wp\/v2\/media?parent=68427"}],"wp:term":[{"taxonomy":"product_brand","embeddable":true,"href":"https:\/\/modelkars.com\/fr\/wp-json\/wp\/v2\/product_brand?post=68427"},{"taxonomy":"product_cat","embeddable":true,"href":"https:\/\/modelkars.com\/fr\/wp-json\/wp\/v2\/product_cat?post=68427"},{"taxonomy":"product_tag","embeddable":true,"href":"https:\/\/modelkars.com\/fr\/wp-json\/wp\/v2\/product_tag?post=68427"}],"curies":[{"name":"wp","href":"https:\/\/api.w.org\/{rel}","templated":true}]}}