{"id":68326,"date":"2025-06-02T19:30:51","date_gmt":"2025-06-02T17:30:51","guid":{"rendered":"https:\/\/modelkars.com\/?post_type=product&#038;p=68326"},"modified":"2025-12-01T01:52:19","modified_gmt":"2025-12-01T00:52:19","slug":"18s1036-mclaren-solus-gt-livree-gulf-bleu-orange","status":"publish","type":"product","link":"https:\/\/modelkars.com\/fr\/shop\/precommandes\/18s1036-mclaren-solus-gt-livree-gulf-bleu-orange\/","title":{"rendered":"McLaren Solus GT"},"content":{"rendered":"","protected":false},"excerpt":{"rendered":"<p>Cette McLaren Solus GT \u00e0 l&rsquo;\u00e9chelle 1:18 c\u00e9l\u00e8bre la transformation d&rsquo;un concept virtuel en r\u00e9alit\u00e9 tangible. Produite par Spark en r\u00e9sine, elle se pare de la livr\u00e9e Gulf bleu\/orange embl\u00e9matique du sport automobile. Mont\u00e9e sur socle et accompagn\u00e9e d&rsquo;une vitrine, cette miniature repr\u00e9sente l&rsquo;une des 25 unit\u00e9s de cette monoplace de piste r\u00e9volutionnaire. Initialement con\u00e7ue pour le jeu vid\u00e9o Gran Turismo Sport en 2017, la Solus GT est devenue la seule McLaren propuls\u00e9e par un V10 atmosph\u00e9rique atteignant 10 000 tr\/min.<\/p>\n","protected":false},"featured_media":69205,"template":"","meta":{"_seopress_robots_primary_cat":"","_seopress_titles_title":"","_seopress_titles_desc":"","_seopress_robots_index":""},"product_brand":[],"product_cat":[163,216],"product_tag":[84,92,85,86,323],"class_list":{"0":"post-68326","1":"product","2":"type-product","3":"status-publish","4":"has-post-thumbnail","6":"product_cat-precommandes","7":"product_cat-spark","8":"product_tag-echelle-118","9":"product_tag-resine","10":"product_tag-sans-ouvrants","11":"product_tag-socle-inclus","12":"product_tag-vitrine-incluse","14":"first","15":"instock","16":"taxable","17":"shipping-taxable","18":"purchasable","19":"product-type-simple"},"_links":{"self":[{"href":"https:\/\/modelkars.com\/fr\/wp-json\/wp\/v2\/product\/68326","targetHints":{"allow":["GET"]}}],"collection":[{"href":"https:\/\/modelkars.com\/fr\/wp-json\/wp\/v2\/product"}],"about":[{"href":"https:\/\/modelkars.com\/fr\/wp-json\/wp\/v2\/types\/product"}],"wp:featuredmedia":[{"embeddable":true,"href":"https:\/\/modelkars.com\/fr\/wp-json\/wp\/v2\/media\/69205"}],"wp:attachment":[{"href":"https:\/\/modelkars.com\/fr\/wp-json\/wp\/v2\/media?parent=68326"}],"wp:term":[{"taxonomy":"product_brand","embeddable":true,"href":"https:\/\/modelkars.com\/fr\/wp-json\/wp\/v2\/product_brand?post=68326"},{"taxonomy":"product_cat","embeddable":true,"href":"https:\/\/modelkars.com\/fr\/wp-json\/wp\/v2\/product_cat?post=68326"},{"taxonomy":"product_tag","embeddable":true,"href":"https:\/\/modelkars.com\/fr\/wp-json\/wp\/v2\/product_tag?post=68326"}],"curies":[{"name":"wp","href":"https:\/\/api.w.org\/{rel}","templated":true}]}}