{"id":67908,"date":"2025-12-15T00:00:01","date_gmt":"2025-12-14T23:00:01","guid":{"rendered":"https:\/\/modelkars.com\/?post_type=product&#038;p=67908"},"modified":"2025-12-22T14:36:35","modified_gmt":"2025-12-22T13:36:35","slug":"18s943-aston-martin-valkyrie-amr-pro-green","status":"publish","type":"product","link":"https:\/\/modelkars.com\/fr\/shop\/spark\/18s943-aston-martin-valkyrie-amr-pro-green\/","title":{"rendered":"Aston Martin Valkyrie AMR Pro"},"content":{"rendered":"","protected":false},"excerpt":{"rendered":"<p>Cette Aston Martin Valkyrie AMR Pro \u00e0 l&rsquo;\u00e9chelle 1:18 par Spark impressionne par sa livr\u00e9e verte et accents jaunes. R\u00e9alis\u00e9e en r\u00e9sine avec une pr\u00e9cision remarquable, cette r\u00e9plique est pr\u00e9sent\u00e9e sur un socle raffin\u00e9 et prot\u00e9g\u00e9e par une vitrine \u00e9l\u00e9gante. Version exclusivement destin\u00e9e \u00e0 la piste de l&rsquo;hypercar Valkyrie, l&rsquo;AMR Pro est d\u00e9pourvue de toute restriction li\u00e9e \u00e0 l&rsquo;homologation routi\u00e8re, lui permettant de g\u00e9n\u00e9rer une force d&rsquo;appui a\u00e9rodynamique sup\u00e9rieure \u00e0 son propre poids \u00e0 haute vitesse.<\/p>\n","protected":false},"featured_media":67959,"template":"","meta":{"_seopress_robots_primary_cat":"","_seopress_titles_title":"","_seopress_titles_desc":"","_seopress_robots_index":""},"product_brand":[],"product_cat":[216],"product_tag":[84,92,85,86,323],"class_list":{"0":"post-67908","1":"product","2":"type-product","3":"status-publish","4":"has-post-thumbnail","6":"product_cat-spark","7":"product_tag-echelle-118","8":"product_tag-resine","9":"product_tag-sans-ouvrants","10":"product_tag-socle-inclus","11":"product_tag-vitrine-incluse","13":"first","14":"outofstock","15":"taxable","16":"shipping-taxable","17":"purchasable","18":"product-type-simple"},"_links":{"self":[{"href":"https:\/\/modelkars.com\/fr\/wp-json\/wp\/v2\/product\/67908","targetHints":{"allow":["GET"]}}],"collection":[{"href":"https:\/\/modelkars.com\/fr\/wp-json\/wp\/v2\/product"}],"about":[{"href":"https:\/\/modelkars.com\/fr\/wp-json\/wp\/v2\/types\/product"}],"wp:featuredmedia":[{"embeddable":true,"href":"https:\/\/modelkars.com\/fr\/wp-json\/wp\/v2\/media\/67959"}],"wp:attachment":[{"href":"https:\/\/modelkars.com\/fr\/wp-json\/wp\/v2\/media?parent=67908"}],"wp:term":[{"taxonomy":"product_brand","embeddable":true,"href":"https:\/\/modelkars.com\/fr\/wp-json\/wp\/v2\/product_brand?post=67908"},{"taxonomy":"product_cat","embeddable":true,"href":"https:\/\/modelkars.com\/fr\/wp-json\/wp\/v2\/product_cat?post=67908"},{"taxonomy":"product_tag","embeddable":true,"href":"https:\/\/modelkars.com\/fr\/wp-json\/wp\/v2\/product_tag?post=67908"}],"curies":[{"name":"wp","href":"https:\/\/api.w.org\/{rel}","templated":true}]}}