{"id":67906,"date":"2025-05-15T22:25:52","date_gmt":"2025-05-15T20:25:52","guid":{"rendered":"https:\/\/modelkars.com\/?post_type=product&#038;p=67906"},"modified":"2025-12-01T01:52:21","modified_gmt":"2025-12-01T00:52:21","slug":"p18269c-ferrari-296-speciale-rouge-magma","status":"publish","type":"product","link":"https:\/\/modelkars.com\/fr\/shop\/bbr\/p18269c-ferrari-296-speciale-rouge-magma\/","title":{"rendered":"Ferrari 296 Speciale"},"content":{"rendered":"","protected":false},"excerpt":{"rendered":"<p>Cette Ferrari 296 Speciale \u00e0 l&rsquo;\u00e9chelle 1:18 r\u00e9alis\u00e9e par BBR se distingue par sa teinte rouge Magma. Sculpt\u00e9e en r\u00e9sine avec une attention m\u00e9ticuleuse aux d\u00e9tails, cette r\u00e9plique en s\u00e9rie limit\u00e9e est sublim\u00e9e par un socle \u00e9l\u00e9gant. Le rouge Magma est inspir\u00e9e des teintes historiques de Ferrari mais avec une intensit\u00e9 et une profondeur contemporaines obtenues gr\u00e2ce aux derni\u00e8res technologies de peinture.<\/p>\n","protected":false},"featured_media":67923,"template":"","meta":{"_seopress_robots_primary_cat":"","_seopress_titles_title":"","_seopress_titles_desc":"","_seopress_robots_index":""},"product_brand":[],"product_cat":[315,163],"product_tag":[84,93,92,85,86],"class_list":{"0":"post-67906","1":"product","2":"type-product","3":"status-publish","4":"has-post-thumbnail","6":"product_cat-bbr","7":"product_cat-precommandes","8":"product_tag-echelle-118","9":"product_tag-edition-limitee","10":"product_tag-resine","11":"product_tag-sans-ouvrants","12":"product_tag-socle-inclus","14":"first","15":"outofstock","16":"taxable","17":"shipping-taxable","18":"purchasable","19":"product-type-simple"},"_links":{"self":[{"href":"https:\/\/modelkars.com\/fr\/wp-json\/wp\/v2\/product\/67906","targetHints":{"allow":["GET"]}}],"collection":[{"href":"https:\/\/modelkars.com\/fr\/wp-json\/wp\/v2\/product"}],"about":[{"href":"https:\/\/modelkars.com\/fr\/wp-json\/wp\/v2\/types\/product"}],"wp:featuredmedia":[{"embeddable":true,"href":"https:\/\/modelkars.com\/fr\/wp-json\/wp\/v2\/media\/67923"}],"wp:attachment":[{"href":"https:\/\/modelkars.com\/fr\/wp-json\/wp\/v2\/media?parent=67906"}],"wp:term":[{"taxonomy":"product_brand","embeddable":true,"href":"https:\/\/modelkars.com\/fr\/wp-json\/wp\/v2\/product_brand?post=67906"},{"taxonomy":"product_cat","embeddable":true,"href":"https:\/\/modelkars.com\/fr\/wp-json\/wp\/v2\/product_cat?post=67906"},{"taxonomy":"product_tag","embeddable":true,"href":"https:\/\/modelkars.com\/fr\/wp-json\/wp\/v2\/product_tag?post=67906"}],"curies":[{"name":"wp","href":"https:\/\/api.w.org\/{rel}","templated":true}]}}