{"id":67905,"date":"2025-05-15T22:25:52","date_gmt":"2025-05-15T20:25:52","guid":{"rendered":"https:\/\/modelkars.com\/?post_type=product&#038;p=67905"},"modified":"2025-12-22T17:11:46","modified_gmt":"2025-12-22T16:11:46","slug":"p18269a-ferrari-296-speciale-vert-nurburgring-with-livery","status":"publish","type":"product","link":"https:\/\/modelkars.com\/fr\/shop\/bbr\/p18269a-ferrari-296-speciale-vert-nurburgring-with-livery\/","title":{"rendered":"Ferrari 296 Speciale"},"content":{"rendered":"","protected":false},"excerpt":{"rendered":"<p>Cette Ferrari 296 Speciale \u00e0 l&rsquo;\u00e9chelle 1:18 par BBR arbore une superbe livr\u00e9e vert Nurburgring orn\u00e9e de d\u00e9tails graphiques blancs. Fa\u00e7onn\u00e9e en r\u00e9sine avec une pr\u00e9cision remarquable, cette r\u00e9plique en s\u00e9rie limit\u00e9e est pr\u00e9sent\u00e9e sur un socle raffin\u00e9. Cette teinte verte rend hommage au l\u00e9gendaire circuit allemand o\u00f9 la 296 Speciale a d\u00e9montr\u00e9 ses capacit\u00e9s exceptionnelles, confirmant la philosophie de Ferrari selon laquelle chaque voiture de route doit d&rsquo;abord prouver sa valeur sur circuit.<\/p>\n","protected":false},"featured_media":67919,"template":"","meta":{"_seopress_robots_primary_cat":"","_seopress_titles_title":"","_seopress_titles_desc":"","_seopress_robots_index":""},"product_brand":[],"product_cat":[315,163],"product_tag":[84,93,92,85,86],"class_list":{"0":"post-67905","1":"product","2":"type-product","3":"status-publish","4":"has-post-thumbnail","6":"product_cat-bbr","7":"product_cat-precommandes","8":"product_tag-echelle-118","9":"product_tag-edition-limitee","10":"product_tag-resine","11":"product_tag-sans-ouvrants","12":"product_tag-socle-inclus","14":"first","15":"outofstock","16":"taxable","17":"shipping-taxable","18":"purchasable","19":"product-type-simple"},"_links":{"self":[{"href":"https:\/\/modelkars.com\/fr\/wp-json\/wp\/v2\/product\/67905","targetHints":{"allow":["GET"]}}],"collection":[{"href":"https:\/\/modelkars.com\/fr\/wp-json\/wp\/v2\/product"}],"about":[{"href":"https:\/\/modelkars.com\/fr\/wp-json\/wp\/v2\/types\/product"}],"wp:featuredmedia":[{"embeddable":true,"href":"https:\/\/modelkars.com\/fr\/wp-json\/wp\/v2\/media\/67919"}],"wp:attachment":[{"href":"https:\/\/modelkars.com\/fr\/wp-json\/wp\/v2\/media?parent=67905"}],"wp:term":[{"taxonomy":"product_brand","embeddable":true,"href":"https:\/\/modelkars.com\/fr\/wp-json\/wp\/v2\/product_brand?post=67905"},{"taxonomy":"product_cat","embeddable":true,"href":"https:\/\/modelkars.com\/fr\/wp-json\/wp\/v2\/product_cat?post=67905"},{"taxonomy":"product_tag","embeddable":true,"href":"https:\/\/modelkars.com\/fr\/wp-json\/wp\/v2\/product_tag?post=67905"}],"curies":[{"name":"wp","href":"https:\/\/api.w.org\/{rel}","templated":true}]}}