{"id":67897,"date":"2025-05-15T22:25:50","date_gmt":"2025-05-15T20:25:50","guid":{"rendered":"https:\/\/modelkars.com\/?post_type=product&#038;p=67897"},"modified":"2025-12-01T01:52:22","modified_gmt":"2025-12-01T00:52:22","slug":"lambo043b-lamborghini-v12-vision-gran-turismo-arancio-egon","status":"publish","type":"product","link":"https:\/\/modelkars.com\/fr\/shop\/mr-collection\/lambo043b-lamborghini-v12-vision-gran-turismo-arancio-egon\/","title":{"rendered":"Lamborghini V12 Vision Gran Turismo"},"content":{"rendered":"","protected":false},"excerpt":{"rendered":"<p>Cette Lamborghini V12 Vision Gran Turismo \u00e0 l&rsquo;\u00e9chelle 1:18 par MR Collection est une \u0153uvre d&rsquo;art en r\u00e9sine arborant une spectaculaire teinte Arancio Egon. Pr\u00e9sent\u00e9e sur son socle et prot\u00e9g\u00e9e par une \u00e9l\u00e9gante vitrine, cette r\u00e9plique en s\u00e9rie limit\u00e9e capture l&rsquo;essence futuriste de ce concept car d\u00e9voil\u00e9 lors des finales mondiales du championnat Gran Turismo 2019, initialement con\u00e7u pour le c\u00e9l\u00e8bre jeu vid\u00e9o avant d&rsquo;\u00eatre envisag\u00e9 pour une production r\u00e9elle.<\/p>\n","protected":false},"featured_media":71499,"template":"","meta":{"_seopress_robots_primary_cat":"","_seopress_titles_title":"","_seopress_titles_desc":"","_seopress_robots_index":""},"product_brand":[],"product_cat":[95,163],"product_tag":[84,93,92,85,86,323],"class_list":{"0":"post-67897","1":"product","2":"type-product","3":"status-publish","4":"has-post-thumbnail","6":"product_cat-mr-collection","7":"product_cat-precommandes","8":"product_tag-echelle-118","9":"product_tag-edition-limitee","10":"product_tag-resine","11":"product_tag-sans-ouvrants","12":"product_tag-socle-inclus","13":"product_tag-vitrine-incluse","15":"first","16":"outofstock","17":"taxable","18":"shipping-taxable","19":"purchasable","20":"product-type-simple"},"_links":{"self":[{"href":"https:\/\/modelkars.com\/fr\/wp-json\/wp\/v2\/product\/67897","targetHints":{"allow":["GET"]}}],"collection":[{"href":"https:\/\/modelkars.com\/fr\/wp-json\/wp\/v2\/product"}],"about":[{"href":"https:\/\/modelkars.com\/fr\/wp-json\/wp\/v2\/types\/product"}],"wp:featuredmedia":[{"embeddable":true,"href":"https:\/\/modelkars.com\/fr\/wp-json\/wp\/v2\/media\/71499"}],"wp:attachment":[{"href":"https:\/\/modelkars.com\/fr\/wp-json\/wp\/v2\/media?parent=67897"}],"wp:term":[{"taxonomy":"product_brand","embeddable":true,"href":"https:\/\/modelkars.com\/fr\/wp-json\/wp\/v2\/product_brand?post=67897"},{"taxonomy":"product_cat","embeddable":true,"href":"https:\/\/modelkars.com\/fr\/wp-json\/wp\/v2\/product_cat?post=67897"},{"taxonomy":"product_tag","embeddable":true,"href":"https:\/\/modelkars.com\/fr\/wp-json\/wp\/v2\/product_tag?post=67897"}],"curies":[{"name":"wp","href":"https:\/\/api.w.org\/{rel}","templated":true}]}}