{"id":67744,"date":"2025-10-27T00:00:01","date_gmt":"2025-10-26T23:00:01","guid":{"rendered":"https:\/\/modelkars.com\/?post_type=product&#038;p=67744"},"modified":"2026-01-22T11:49:58","modified_gmt":"2026-01-22T10:49:58","slug":"ot1228-bmw-m4-gt4-presentation-2022","status":"publish","type":"product","link":"https:\/\/modelkars.com\/fr\/shop\/ottomobile\/ot1228-bmw-m4-gt4-presentation-2022\/","title":{"rendered":"BMW M4 GT4 Presentation"},"content":{"rendered":"","protected":false},"excerpt":{"rendered":"<p class=\"whitespace-pre-wrap break-words\">Cette BMW M4 GT4 Presentation \u00e0 l&rsquo;\u00e9chelle 1:18 immortalise la version comp\u00e9tition du coup\u00e9 bavarois dans sa livr\u00e9e de pr\u00e9sentation 2022, arborant une \u00e9l\u00e9gante robe blanche rehauss\u00e9e des iconiques bandes Motorsport. M\u00e9ticuleusement reproduite par OttOmobile en r\u00e9sine, cette miniature fait partie d&rsquo;une \u00e9dition limit\u00e9e \u00e0 999 exemplaires. La M4 GT4 a \u00e9t\u00e9 con\u00e7ue comme une voiture de course cl\u00e9 en main pour les \u00e9quipes priv\u00e9es, offrant 550 chevaux dans un package pr\u00eat \u00e0 concourir d\u00e8s sa sortie d&rsquo;usine.<\/p>\n","protected":false},"featured_media":67752,"template":"","meta":{"_seopress_robots_primary_cat":"","_seopress_titles_title":"","_seopress_titles_desc":"","_seopress_robots_index":""},"product_brand":[],"product_cat":[225],"product_tag":[84,93,92,85],"class_list":{"0":"post-67744","1":"product","2":"type-product","3":"status-publish","4":"has-post-thumbnail","6":"product_cat-ottomobile","7":"product_tag-echelle-118","8":"product_tag-edition-limitee","9":"product_tag-resine","10":"product_tag-sans-ouvrants","12":"first","13":"outofstock","14":"taxable","15":"shipping-taxable","16":"purchasable","17":"product-type-simple"},"_links":{"self":[{"href":"https:\/\/modelkars.com\/fr\/wp-json\/wp\/v2\/product\/67744","targetHints":{"allow":["GET"]}}],"collection":[{"href":"https:\/\/modelkars.com\/fr\/wp-json\/wp\/v2\/product"}],"about":[{"href":"https:\/\/modelkars.com\/fr\/wp-json\/wp\/v2\/types\/product"}],"wp:featuredmedia":[{"embeddable":true,"href":"https:\/\/modelkars.com\/fr\/wp-json\/wp\/v2\/media\/67752"}],"wp:attachment":[{"href":"https:\/\/modelkars.com\/fr\/wp-json\/wp\/v2\/media?parent=67744"}],"wp:term":[{"taxonomy":"product_brand","embeddable":true,"href":"https:\/\/modelkars.com\/fr\/wp-json\/wp\/v2\/product_brand?post=67744"},{"taxonomy":"product_cat","embeddable":true,"href":"https:\/\/modelkars.com\/fr\/wp-json\/wp\/v2\/product_cat?post=67744"},{"taxonomy":"product_tag","embeddable":true,"href":"https:\/\/modelkars.com\/fr\/wp-json\/wp\/v2\/product_tag?post=67744"}],"curies":[{"name":"wp","href":"https:\/\/api.w.org\/{rel}","templated":true}]}}