{"id":67473,"date":"2025-12-30T00:00:01","date_gmt":"2025-12-29T23:00:01","guid":{"rendered":"https:\/\/modelkars.com\/?post_type=product&#038;p=67473"},"modified":"2026-03-09T19:14:26","modified_gmt":"2026-03-09T18:14:26","slug":"gt529-nissan-r390-gt1-le-mans-1998-24h-du-mans-1998-numero-12","status":"publish","type":"product","link":"https:\/\/modelkars.com\/fr\/shop\/gt-spirit\/gt529-nissan-r390-gt1-le-mans-1998-24h-du-mans-1998-numero-12\/","title":{"rendered":"Nissan R390 GT1 Le Mans 1998"},"content":{"rendered":"","protected":false},"excerpt":{"rendered":"<p>Cette Nissan R390 GT1 des 24h du Mans 1998 \u00e0 l&rsquo;\u00e9chelle 1:18 est fid\u00e8lement reproduite par GT Spirit avec le num\u00e9ro 32. Fa\u00e7onn\u00e9e en r\u00e9sine et propos\u00e9e en s\u00e9rie limit\u00e9e, elle capture l&rsquo;essence de cette l\u00e9gendaire voiture de course d&rsquo;endurance. Le mod\u00e8le routier homologu\u00e9 de la R390 \u00e9tait l&rsquo;une des supercars les plus rares au monde, avec seulement deux exemplaires construits, dont un conserv\u00e9 par Nissan dans son h\u00e9ritage.<\/p>\n","protected":false},"featured_media":74149,"template":"","meta":{"_seopress_robots_primary_cat":"","_seopress_titles_title":"","_seopress_titles_desc":"","_seopress_robots_index":""},"product_brand":[],"product_cat":[71],"product_tag":[84,93,644,92,85],"class_list":{"0":"post-67473","1":"product","2":"type-product","3":"status-publish","4":"has-post-thumbnail","6":"product_cat-gt-spirit","7":"product_tag-echelle-118","8":"product_tag-edition-limitee","9":"product_tag-novembre-2025","10":"product_tag-resine","11":"product_tag-sans-ouvrants","13":"first","14":"outofstock","15":"taxable","16":"shipping-taxable","17":"purchasable","18":"product-type-simple"},"_links":{"self":[{"href":"https:\/\/modelkars.com\/fr\/wp-json\/wp\/v2\/product\/67473","targetHints":{"allow":["GET"]}}],"collection":[{"href":"https:\/\/modelkars.com\/fr\/wp-json\/wp\/v2\/product"}],"about":[{"href":"https:\/\/modelkars.com\/fr\/wp-json\/wp\/v2\/types\/product"}],"wp:featuredmedia":[{"embeddable":true,"href":"https:\/\/modelkars.com\/fr\/wp-json\/wp\/v2\/media\/74149"}],"wp:attachment":[{"href":"https:\/\/modelkars.com\/fr\/wp-json\/wp\/v2\/media?parent=67473"}],"wp:term":[{"taxonomy":"product_brand","embeddable":true,"href":"https:\/\/modelkars.com\/fr\/wp-json\/wp\/v2\/product_brand?post=67473"},{"taxonomy":"product_cat","embeddable":true,"href":"https:\/\/modelkars.com\/fr\/wp-json\/wp\/v2\/product_cat?post=67473"},{"taxonomy":"product_tag","embeddable":true,"href":"https:\/\/modelkars.com\/fr\/wp-json\/wp\/v2\/product_tag?post=67473"}],"curies":[{"name":"wp","href":"https:\/\/api.w.org\/{rel}","templated":true}]}}