{"id":67468,"date":"2025-10-27T00:00:01","date_gmt":"2025-10-26T23:00:01","guid":{"rendered":"https:\/\/modelkars.com\/?post_type=product&#038;p=67468"},"modified":"2025-12-02T00:00:11","modified_gmt":"2025-12-01T23:00:11","slug":"gt940-dodge-viper-gts-blanc-bandes-bleues","status":"publish","type":"product","link":"https:\/\/modelkars.com\/fr\/shop\/gt-spirit\/gt940-dodge-viper-gts-blanc-bandes-bleues\/","title":{"rendered":"Dodge Viper GTS"},"content":{"rendered":"","protected":false},"excerpt":{"rendered":"<p>Cette Dodge Viper GTS \u00e0 l&rsquo;\u00e9chelle 1:18 par GT Spirit arbore une livr\u00e9e embl\u00e9matique blanc et bandes bleues qui \u00e9voque l&rsquo;h\u00e9ritage racing am\u00e9ricain. R\u00e9alis\u00e9e en r\u00e9sine avec une pr\u00e9cision remarquable, cette \u00e9dition limit\u00e9e capture l&rsquo;allure agressive et les courbes sensuelles de cette supercar. Le V10 de 8,4 litres de la v\u00e9ritable Viper \u00e9tait le plus gros moteur atmosph\u00e9rique jamais install\u00e9 dans une voiture de sport de s\u00e9rie.<\/p>\n","protected":false},"featured_media":67496,"template":"","meta":{"_seopress_robots_primary_cat":"","_seopress_titles_title":"","_seopress_titles_desc":"","_seopress_robots_index":""},"product_brand":[],"product_cat":[71],"product_tag":[84,93,643,92,85],"class_list":{"0":"post-67468","1":"product","2":"type-product","3":"status-publish","4":"has-post-thumbnail","6":"product_cat-gt-spirit","7":"product_tag-echelle-118","8":"product_tag-edition-limitee","9":"product_tag-octobre-2025","10":"product_tag-resine","11":"product_tag-sans-ouvrants","13":"first","14":"instock","15":"taxable","16":"shipping-taxable","17":"purchasable","18":"product-type-simple"},"_links":{"self":[{"href":"https:\/\/modelkars.com\/fr\/wp-json\/wp\/v2\/product\/67468","targetHints":{"allow":["GET"]}}],"collection":[{"href":"https:\/\/modelkars.com\/fr\/wp-json\/wp\/v2\/product"}],"about":[{"href":"https:\/\/modelkars.com\/fr\/wp-json\/wp\/v2\/types\/product"}],"wp:featuredmedia":[{"embeddable":true,"href":"https:\/\/modelkars.com\/fr\/wp-json\/wp\/v2\/media\/67496"}],"wp:attachment":[{"href":"https:\/\/modelkars.com\/fr\/wp-json\/wp\/v2\/media?parent=67468"}],"wp:term":[{"taxonomy":"product_brand","embeddable":true,"href":"https:\/\/modelkars.com\/fr\/wp-json\/wp\/v2\/product_brand?post=67468"},{"taxonomy":"product_cat","embeddable":true,"href":"https:\/\/modelkars.com\/fr\/wp-json\/wp\/v2\/product_cat?post=67468"},{"taxonomy":"product_tag","embeddable":true,"href":"https:\/\/modelkars.com\/fr\/wp-json\/wp\/v2\/product_tag?post=67468"}],"curies":[{"name":"wp","href":"https:\/\/api.w.org\/{rel}","templated":true}]}}