{"id":66941,"date":"2026-01-28T00:00:01","date_gmt":"2026-01-27T23:00:01","guid":{"rendered":"https:\/\/modelkars.com\/?post_type=product&#038;p=66941"},"modified":"2026-01-29T21:55:00","modified_gmt":"2026-01-29T20:55:00","slug":"p18214tmlm51-ferrari-daytona-sp3-serie-icona-499p-livery-499p-race-number-51-red-livery","status":"publish","type":"product","link":"https:\/\/modelkars.com\/fr\/shop\/bbr\/p18214tmlm51-ferrari-daytona-sp3-serie-icona-499p-livery-499p-race-number-51-red-livery\/","title":{"rendered":"Ferrari Daytona SP3 Serie Icona (499P livery)"},"content":{"rendered":"","protected":false},"excerpt":{"rendered":"<p>Cette Ferrari Daytona SP3 Serie Icona \u00e0 l&rsquo;\u00e9chelle 1:18 arbore la livr\u00e9e embl\u00e9matique de la 499P num\u00e9ro 51. Fabriqu\u00e9e en r\u00e9sine par BBR, elle est pr\u00e9sent\u00e9e sur un socle \u00e9l\u00e9gant. Cette livr\u00e9e sp\u00e9ciale rend hommage \u00e0 la 499P victorieuse aux 24 Heures du Mans 2023.<\/p>\n","protected":false},"featured_media":78310,"template":"","meta":{"_seopress_robots_primary_cat":"","_seopress_titles_title":"","_seopress_titles_desc":"","_seopress_robots_index":""},"product_brand":[],"product_cat":[315],"product_tag":[84,93,92,85,86],"class_list":{"0":"post-66941","1":"product","2":"type-product","3":"status-publish","4":"has-post-thumbnail","6":"product_cat-bbr","7":"product_tag-echelle-118","8":"product_tag-edition-limitee","9":"product_tag-resine","10":"product_tag-sans-ouvrants","11":"product_tag-socle-inclus","13":"first","14":"outofstock","15":"taxable","16":"shipping-taxable","17":"purchasable","18":"product-type-simple"},"_links":{"self":[{"href":"https:\/\/modelkars.com\/fr\/wp-json\/wp\/v2\/product\/66941","targetHints":{"allow":["GET"]}}],"collection":[{"href":"https:\/\/modelkars.com\/fr\/wp-json\/wp\/v2\/product"}],"about":[{"href":"https:\/\/modelkars.com\/fr\/wp-json\/wp\/v2\/types\/product"}],"wp:featuredmedia":[{"embeddable":true,"href":"https:\/\/modelkars.com\/fr\/wp-json\/wp\/v2\/media\/78310"}],"wp:attachment":[{"href":"https:\/\/modelkars.com\/fr\/wp-json\/wp\/v2\/media?parent=66941"}],"wp:term":[{"taxonomy":"product_brand","embeddable":true,"href":"https:\/\/modelkars.com\/fr\/wp-json\/wp\/v2\/product_brand?post=66941"},{"taxonomy":"product_cat","embeddable":true,"href":"https:\/\/modelkars.com\/fr\/wp-json\/wp\/v2\/product_cat?post=66941"},{"taxonomy":"product_tag","embeddable":true,"href":"https:\/\/modelkars.com\/fr\/wp-json\/wp\/v2\/product_tag?post=66941"}],"curies":[{"name":"wp","href":"https:\/\/api.w.org\/{rel}","templated":true}]}}