{"id":66940,"date":"2026-01-28T00:00:01","date_gmt":"2026-01-27T23:00:01","guid":{"rendered":"https:\/\/modelkars.com\/?post_type=product&#038;p=66940"},"modified":"2026-03-06T21:44:42","modified_gmt":"2026-03-06T20:44:42","slug":"p18207art-ferrari-812-competizione-sketch-special-pack-giallo-tristrato-tailor-made-sketch-inspired-livery","status":"publish","type":"product","link":"https:\/\/modelkars.com\/fr\/shop\/bbr\/p18207art-ferrari-812-competizione-sketch-special-pack-giallo-tristrato-tailor-made-sketch-inspired-livery\/","title":{"rendered":"Ferrari 812 Competizione Sketch (Special Pack)"},"content":{"rendered":"","protected":false},"excerpt":{"rendered":"<p>Cette Ferrari 812 Competizione Sketch \u00e0 l&rsquo;\u00e9chelle 1:18 arbore une livr\u00e9e Giallo Tristrato inspir\u00e9e des croquis du Centre de Style Ferrari. R\u00e9alis\u00e9e en r\u00e9sine par BBR, cette \u00e9dition sp\u00e9ciale est pr\u00e9sent\u00e9e sur une base en carbone v\u00e9ritable avec vitrine en Plexiglas. Ce concept unique symbolise la feuille blanche qui sert de point de d\u00e9part \u00e0 chaque cr\u00e9ation Ferrari.<\/p>\n","protected":false},"featured_media":78273,"template":"","meta":{"_seopress_robots_primary_cat":"","_seopress_titles_title":"","_seopress_titles_desc":"","_seopress_robots_index":""},"product_brand":[],"product_cat":[315],"product_tag":[84,93,92,85,86,323],"class_list":{"0":"post-66940","1":"product","2":"type-product","3":"status-publish","4":"has-post-thumbnail","6":"product_cat-bbr","7":"product_tag-echelle-118","8":"product_tag-edition-limitee","9":"product_tag-resine","10":"product_tag-sans-ouvrants","11":"product_tag-socle-inclus","12":"product_tag-vitrine-incluse","14":"first","15":"outofstock","16":"taxable","17":"shipping-taxable","18":"purchasable","19":"product-type-simple"},"_links":{"self":[{"href":"https:\/\/modelkars.com\/fr\/wp-json\/wp\/v2\/product\/66940","targetHints":{"allow":["GET"]}}],"collection":[{"href":"https:\/\/modelkars.com\/fr\/wp-json\/wp\/v2\/product"}],"about":[{"href":"https:\/\/modelkars.com\/fr\/wp-json\/wp\/v2\/types\/product"}],"wp:featuredmedia":[{"embeddable":true,"href":"https:\/\/modelkars.com\/fr\/wp-json\/wp\/v2\/media\/78273"}],"wp:attachment":[{"href":"https:\/\/modelkars.com\/fr\/wp-json\/wp\/v2\/media?parent=66940"}],"wp:term":[{"taxonomy":"product_brand","embeddable":true,"href":"https:\/\/modelkars.com\/fr\/wp-json\/wp\/v2\/product_brand?post=66940"},{"taxonomy":"product_cat","embeddable":true,"href":"https:\/\/modelkars.com\/fr\/wp-json\/wp\/v2\/product_cat?post=66940"},{"taxonomy":"product_tag","embeddable":true,"href":"https:\/\/modelkars.com\/fr\/wp-json\/wp\/v2\/product_tag?post=66940"}],"curies":[{"name":"wp","href":"https:\/\/api.w.org\/{rel}","templated":true}]}}