{"id":66930,"date":"2025-07-31T00:00:01","date_gmt":"2025-07-30T22:00:01","guid":{"rendered":"https:\/\/modelkars.com\/?post_type=product&#038;p=66930"},"modified":"2025-12-02T00:00:17","modified_gmt":"2025-12-01T23:00:17","slug":"fe033se4-ferrari-812-competizione-rosso-f1-75-matte","status":"publish","type":"product","link":"https:\/\/modelkars.com\/fr\/shop\/mr-collection\/fe033se4-ferrari-812-competizione-rosso-f1-75-matte\/","title":{"rendered":"Ferrari 812 Competizione"},"content":{"rendered":"","protected":false},"excerpt":{"rendered":"<p>Cette Ferrari 812 Competizione \u00e0 l&rsquo;\u00e9chelle 1:18 se pare d&rsquo;une teinte Rosso F1 75 matte somptueuse. R\u00e9alis\u00e9e en r\u00e9sine par MR Collection, cette \u00e9dition limit\u00e9e \u00e0 49 exemplaires est pr\u00e9sent\u00e9e sur un socle \u00e9l\u00e9gant avec vitrine. Cette nuance sp\u00e9ciale de rouge c\u00e9l\u00e8bre le 75\u00e8me anniversaire de la marque au cheval cabr\u00e9.<\/p>\n","protected":false},"featured_media":70942,"template":"","meta":{"_seopress_robots_primary_cat":"","_seopress_titles_title":"","_seopress_titles_desc":"","_seopress_robots_index":""},"product_brand":[],"product_cat":[95],"product_tag":[84,93,92,85,86,323],"class_list":{"0":"post-66930","1":"product","2":"type-product","3":"status-publish","4":"has-post-thumbnail","6":"product_cat-mr-collection","7":"product_tag-echelle-118","8":"product_tag-edition-limitee","9":"product_tag-resine","10":"product_tag-sans-ouvrants","11":"product_tag-socle-inclus","12":"product_tag-vitrine-incluse","14":"first","15":"instock","16":"taxable","17":"shipping-taxable","18":"purchasable","19":"product-type-simple"},"_links":{"self":[{"href":"https:\/\/modelkars.com\/fr\/wp-json\/wp\/v2\/product\/66930","targetHints":{"allow":["GET"]}}],"collection":[{"href":"https:\/\/modelkars.com\/fr\/wp-json\/wp\/v2\/product"}],"about":[{"href":"https:\/\/modelkars.com\/fr\/wp-json\/wp\/v2\/types\/product"}],"wp:featuredmedia":[{"embeddable":true,"href":"https:\/\/modelkars.com\/fr\/wp-json\/wp\/v2\/media\/70942"}],"wp:attachment":[{"href":"https:\/\/modelkars.com\/fr\/wp-json\/wp\/v2\/media?parent=66930"}],"wp:term":[{"taxonomy":"product_brand","embeddable":true,"href":"https:\/\/modelkars.com\/fr\/wp-json\/wp\/v2\/product_brand?post=66930"},{"taxonomy":"product_cat","embeddable":true,"href":"https:\/\/modelkars.com\/fr\/wp-json\/wp\/v2\/product_cat?post=66930"},{"taxonomy":"product_tag","embeddable":true,"href":"https:\/\/modelkars.com\/fr\/wp-json\/wp\/v2\/product_tag?post=66930"}],"curies":[{"name":"wp","href":"https:\/\/api.w.org\/{rel}","templated":true}]}}