{"id":66348,"date":"2025-06-16T00:00:01","date_gmt":"2025-06-15T22:00:01","guid":{"rendered":"https:\/\/modelkars.com\/?post_type=product&#038;p=66348"},"modified":"2025-12-02T00:00:20","modified_gmt":"2025-12-01T23:00:20","slug":"vmb-ccxr-1809-koenigsegg-ccxr-lava-orange","status":"publish","type":"product","link":"https:\/\/modelkars.com\/fr\/shop\/vmb-models\/vmb-ccxr-1809-koenigsegg-ccxr-lava-orange\/","title":{"rendered":"Koenigsegg CCXR"},"content":{"rendered":"","protected":false},"excerpt":{"rendered":"<p>Cette Koenigsegg CCXR \u00e0 l&rsquo;\u00e9chelle 1:18 en Lava Orange est une pi\u00e8ce exceptionnelle en r\u00e9sine par VMB Models. Produite en s\u00e9rie ultra-limit\u00e9e de 30 exemplaires, elle est mise en valeur sous vitrine avec son socle d\u00e9di\u00e9. La CCXR fut la premi\u00e8re hypercar homologu\u00e9e pour rouler \u00e0 l&rsquo;\u00e9thanol E85, d\u00e9veloppant plus de puissance avec ce carburant renouvelable qu&rsquo;avec de l&rsquo;essence traditionnelle, une prouesse technique r\u00e9volutionnaire pour son \u00e9poque.<\/p>\n","protected":false},"featured_media":66455,"template":"","meta":{"_seopress_robots_primary_cat":"","_seopress_titles_title":"","_seopress_titles_desc":"","_seopress_robots_index":""},"product_brand":[],"product_cat":[631],"product_tag":[84,93,92,85,86,323],"class_list":{"0":"post-66348","1":"product","2":"type-product","3":"status-publish","4":"has-post-thumbnail","6":"product_cat-vmb-models","7":"product_tag-echelle-118","8":"product_tag-edition-limitee","9":"product_tag-resine","10":"product_tag-sans-ouvrants","11":"product_tag-socle-inclus","12":"product_tag-vitrine-incluse","14":"first","15":"instock","16":"taxable","17":"shipping-taxable","18":"purchasable","19":"product-type-simple"},"_links":{"self":[{"href":"https:\/\/modelkars.com\/fr\/wp-json\/wp\/v2\/product\/66348","targetHints":{"allow":["GET"]}}],"collection":[{"href":"https:\/\/modelkars.com\/fr\/wp-json\/wp\/v2\/product"}],"about":[{"href":"https:\/\/modelkars.com\/fr\/wp-json\/wp\/v2\/types\/product"}],"wp:featuredmedia":[{"embeddable":true,"href":"https:\/\/modelkars.com\/fr\/wp-json\/wp\/v2\/media\/66455"}],"wp:attachment":[{"href":"https:\/\/modelkars.com\/fr\/wp-json\/wp\/v2\/media?parent=66348"}],"wp:term":[{"taxonomy":"product_brand","embeddable":true,"href":"https:\/\/modelkars.com\/fr\/wp-json\/wp\/v2\/product_brand?post=66348"},{"taxonomy":"product_cat","embeddable":true,"href":"https:\/\/modelkars.com\/fr\/wp-json\/wp\/v2\/product_cat?post=66348"},{"taxonomy":"product_tag","embeddable":true,"href":"https:\/\/modelkars.com\/fr\/wp-json\/wp\/v2\/product_tag?post=66348"}],"curies":[{"name":"wp","href":"https:\/\/api.w.org\/{rel}","templated":true}]}}