{"id":66346,"date":"2025-12-15T00:00:01","date_gmt":"2025-12-14T23:00:01","guid":{"rendered":"https:\/\/modelkars.com\/?post_type=product&#038;p=66346"},"modified":"2026-02-16T21:03:58","modified_gmt":"2026-02-16T20:03:58","slug":"ts0614-bmw-m4-gt3-evo-launch-livery-with-motorsport-colors","status":"publish","type":"product","link":"https:\/\/modelkars.com\/fr\/shop\/topspeed\/ts0614-bmw-m4-gt3-evo-launch-livery-with-motorsport-colors\/","title":{"rendered":"BMW M4 GT3 Evo"},"content":{"rendered":"","protected":false},"excerpt":{"rendered":"<p>Cette BMW M4 GT3 Evo \u00e0 l&rsquo;\u00e9chelle 1:18 arbore la livr\u00e9e de lancement aux couleurs Motorsport embl\u00e9matiques. Fa\u00e7onn\u00e9e en r\u00e9sine par TopSpeed, elle capture l&rsquo;essence m\u00eame de la machine de course allemande. La M4 GT3 est \u00e9quip\u00e9e d&rsquo;un volant r\u00e9volutionnaire partag\u00e9 avec la console de simulation, permettant aux pilotes de s&rsquo;entra\u00eener virtuellement avec les m\u00eames commandes que la voiture r\u00e9elle, une premi\u00e8re dans le monde de la comp\u00e9tition.<\/p>\n","protected":false},"featured_media":66431,"template":"","meta":{"_seopress_robots_primary_cat":"","_seopress_titles_title":"","_seopress_titles_desc":"","_seopress_robots_index":""},"product_brand":[],"product_cat":[74],"product_tag":[84,92,85],"class_list":{"0":"post-66346","1":"product","2":"type-product","3":"status-publish","4":"has-post-thumbnail","6":"product_cat-topspeed","7":"product_tag-echelle-118","8":"product_tag-resine","9":"product_tag-sans-ouvrants","11":"first","12":"outofstock","13":"taxable","14":"shipping-taxable","15":"purchasable","16":"product-type-simple"},"_links":{"self":[{"href":"https:\/\/modelkars.com\/fr\/wp-json\/wp\/v2\/product\/66346","targetHints":{"allow":["GET"]}}],"collection":[{"href":"https:\/\/modelkars.com\/fr\/wp-json\/wp\/v2\/product"}],"about":[{"href":"https:\/\/modelkars.com\/fr\/wp-json\/wp\/v2\/types\/product"}],"wp:featuredmedia":[{"embeddable":true,"href":"https:\/\/modelkars.com\/fr\/wp-json\/wp\/v2\/media\/66431"}],"wp:attachment":[{"href":"https:\/\/modelkars.com\/fr\/wp-json\/wp\/v2\/media?parent=66346"}],"wp:term":[{"taxonomy":"product_brand","embeddable":true,"href":"https:\/\/modelkars.com\/fr\/wp-json\/wp\/v2\/product_brand?post=66346"},{"taxonomy":"product_cat","embeddable":true,"href":"https:\/\/modelkars.com\/fr\/wp-json\/wp\/v2\/product_cat?post=66346"},{"taxonomy":"product_tag","embeddable":true,"href":"https:\/\/modelkars.com\/fr\/wp-json\/wp\/v2\/product_tag?post=66346"}],"curies":[{"name":"wp","href":"https:\/\/api.w.org\/{rel}","templated":true}]}}