{"id":66339,"date":"2026-01-15T00:00:01","date_gmt":"2026-01-14T23:00:01","guid":{"rendered":"https:\/\/modelkars.com\/?post_type=product&#038;p=66339"},"modified":"2026-01-21T21:09:52","modified_gmt":"2026-01-21T20:09:52","slug":"bug012c-bugatti-super-sport-black-carbon-french-racing-blue","status":"publish","type":"product","link":"https:\/\/modelkars.com\/fr\/shop\/mr-collection\/bug012c-bugatti-super-sport-black-carbon-french-racing-blue\/","title":{"rendered":"Bugatti Chiron Super Sport"},"content":{"rendered":"","protected":false},"excerpt":{"rendered":"<p>Cette Bugatti Super Sport \u00e0 l&rsquo;\u00e9chelle 1:18 en Black Carbon \/ French Racing Blue est une pi\u00e8ce d&rsquo;exception fa\u00e7onn\u00e9e en r\u00e9sine par MR Collection. Limit\u00e9e \u00e0 99 exemplaires, elle repose \u00e9l\u00e9gamment sur un socle en carbone sous vitrine. La Super Sport utilise un syst\u00e8me de refroidissement si complexe qu&rsquo;elle n\u00e9cessite 10 radiateurs diff\u00e9rents pour maintenir sa temp\u00e9rature optimale, un exploit d&rsquo;ing\u00e9nierie captur\u00e9 dans cette reproduction minutieuse.<\/p>\n","protected":false},"featured_media":66469,"template":"","meta":{"_seopress_robots_primary_cat":"","_seopress_titles_title":"","_seopress_titles_desc":"","_seopress_robots_index":""},"product_brand":[],"product_cat":[95],"product_tag":[84,93,92,85,86,323],"class_list":{"0":"post-66339","1":"product","2":"type-product","3":"status-publish","4":"has-post-thumbnail","6":"product_cat-mr-collection","7":"product_tag-echelle-118","8":"product_tag-edition-limitee","9":"product_tag-resine","10":"product_tag-sans-ouvrants","11":"product_tag-socle-inclus","12":"product_tag-vitrine-incluse","14":"first","15":"outofstock","16":"taxable","17":"shipping-taxable","18":"purchasable","19":"product-type-simple"},"_links":{"self":[{"href":"https:\/\/modelkars.com\/fr\/wp-json\/wp\/v2\/product\/66339","targetHints":{"allow":["GET"]}}],"collection":[{"href":"https:\/\/modelkars.com\/fr\/wp-json\/wp\/v2\/product"}],"about":[{"href":"https:\/\/modelkars.com\/fr\/wp-json\/wp\/v2\/types\/product"}],"wp:featuredmedia":[{"embeddable":true,"href":"https:\/\/modelkars.com\/fr\/wp-json\/wp\/v2\/media\/66469"}],"wp:attachment":[{"href":"https:\/\/modelkars.com\/fr\/wp-json\/wp\/v2\/media?parent=66339"}],"wp:term":[{"taxonomy":"product_brand","embeddable":true,"href":"https:\/\/modelkars.com\/fr\/wp-json\/wp\/v2\/product_brand?post=66339"},{"taxonomy":"product_cat","embeddable":true,"href":"https:\/\/modelkars.com\/fr\/wp-json\/wp\/v2\/product_cat?post=66339"},{"taxonomy":"product_tag","embeddable":true,"href":"https:\/\/modelkars.com\/fr\/wp-json\/wp\/v2\/product_tag?post=66339"}],"curies":[{"name":"wp","href":"https:\/\/api.w.org\/{rel}","templated":true}]}}