{"id":66336,"date":"2025-08-21T00:00:01","date_gmt":"2025-08-20T22:00:01","guid":{"rendered":"https:\/\/modelkars.com\/?post_type=product&#038;p=66336"},"modified":"2025-12-01T01:52:00","modified_gmt":"2025-12-01T00:52:00","slug":"76358-mercedes-amg-g63-2019-iridium-silver-metallic","status":"publish","type":"product","link":"https:\/\/modelkars.com\/fr\/shop\/autoart\/76358-mercedes-amg-g63-2019-iridium-silver-metallic\/","title":{"rendered":"Mercedes-AMG G63 2019"},"content":{"rendered":"","protected":false},"excerpt":{"rendered":"<p>Ce mod\u00e8le r\u00e9duit de la Mercedes-AMG G63 2019 \u00e0 l&rsquo;\u00e9chelle 1:18 en Iridium Silver Metallic est une reproduction d&rsquo;exception du SUV de luxe. Fabriqu\u00e9 en composite par AUTOart, il propose des porti\u00e8res, capot et coffre fonctionnels pour explorer les moindres d\u00e9tails.<\/p>\n","protected":false},"featured_media":72119,"template":"","meta":{"_seopress_robots_primary_cat":"","_seopress_titles_title":"","_seopress_titles_desc":"","_seopress_robots_index":""},"product_brand":[],"product_cat":[118],"product_tag":[117,119,84],"class_list":{"0":"post-66336","1":"product","2":"type-product","3":"status-publish","4":"has-post-thumbnail","6":"product_cat-autoart","7":"product_tag-avec-ouvrants","8":"product_tag-composite","9":"product_tag-echelle-118","11":"first","12":"outofstock","13":"taxable","14":"shipping-taxable","15":"purchasable","16":"product-type-simple"},"_links":{"self":[{"href":"https:\/\/modelkars.com\/fr\/wp-json\/wp\/v2\/product\/66336","targetHints":{"allow":["GET"]}}],"collection":[{"href":"https:\/\/modelkars.com\/fr\/wp-json\/wp\/v2\/product"}],"about":[{"href":"https:\/\/modelkars.com\/fr\/wp-json\/wp\/v2\/types\/product"}],"wp:featuredmedia":[{"embeddable":true,"href":"https:\/\/modelkars.com\/fr\/wp-json\/wp\/v2\/media\/72119"}],"wp:attachment":[{"href":"https:\/\/modelkars.com\/fr\/wp-json\/wp\/v2\/media?parent=66336"}],"wp:term":[{"taxonomy":"product_brand","embeddable":true,"href":"https:\/\/modelkars.com\/fr\/wp-json\/wp\/v2\/product_brand?post=66336"},{"taxonomy":"product_cat","embeddable":true,"href":"https:\/\/modelkars.com\/fr\/wp-json\/wp\/v2\/product_cat?post=66336"},{"taxonomy":"product_tag","embeddable":true,"href":"https:\/\/modelkars.com\/fr\/wp-json\/wp\/v2\/product_tag?post=66336"}],"curies":[{"name":"wp","href":"https:\/\/api.w.org\/{rel}","templated":true}]}}