{"id":66331,"date":"2025-06-16T00:00:01","date_gmt":"2025-06-15T22:00:01","guid":{"rendered":"https:\/\/modelkars.com\/?post_type=product&#038;p=66331"},"modified":"2025-12-01T01:52:17","modified_gmt":"2025-12-01T00:52:17","slug":"uusvj-black-lamborghini-aventador-svj-matte-black","status":"publish","type":"product","link":"https:\/\/modelkars.com\/fr\/shop\/ultra-unique\/uusvj-black-lamborghini-aventador-svj-matte-black\/","title":{"rendered":"Lamborghini Aventador SVJ"},"content":{"rendered":"","protected":false},"excerpt":{"rendered":"<p>Cette Lamborghini Aventador SVJ \u00e0 l&rsquo;\u00e9chelle 1:18 en Matte Black est une \u0153uvre d&rsquo;art sculpturale en r\u00e9sine sign\u00e9e Ultra Unique. Produite en s\u00e9rie ultra-limit\u00e9e de 15 exemplaires seulement, elle est mise en valeur sous vitrine avec son socle d\u00e9di\u00e9. Son nom \u00ab\u00a0SVJ\u00a0\u00bb fait r\u00e9f\u00e9rence \u00e0 \u00ab\u00a0SuperVeloce Jota\u00a0\u00bb, une d\u00e9signation historique r\u00e9serv\u00e9e aux Lamborghini les plus extr\u00eames depuis la l\u00e9gendaire Miura Jota des ann\u00e9es 1970.<\/p>\n","protected":false},"featured_media":66821,"template":"","meta":{"_seopress_robots_primary_cat":"","_seopress_titles_title":"","_seopress_titles_desc":"","_seopress_robots_index":""},"product_brand":[],"product_cat":[639],"product_tag":[84,93,92,85,86,323],"class_list":{"0":"post-66331","1":"product","2":"type-product","3":"status-publish","4":"has-post-thumbnail","6":"product_cat-ultra-unique","7":"product_tag-echelle-118","8":"product_tag-edition-limitee","9":"product_tag-resine","10":"product_tag-sans-ouvrants","11":"product_tag-socle-inclus","12":"product_tag-vitrine-incluse","14":"first","15":"outofstock","16":"taxable","17":"shipping-taxable","18":"purchasable","19":"product-type-simple"},"_links":{"self":[{"href":"https:\/\/modelkars.com\/fr\/wp-json\/wp\/v2\/product\/66331","targetHints":{"allow":["GET"]}}],"collection":[{"href":"https:\/\/modelkars.com\/fr\/wp-json\/wp\/v2\/product"}],"about":[{"href":"https:\/\/modelkars.com\/fr\/wp-json\/wp\/v2\/types\/product"}],"wp:featuredmedia":[{"embeddable":true,"href":"https:\/\/modelkars.com\/fr\/wp-json\/wp\/v2\/media\/66821"}],"wp:attachment":[{"href":"https:\/\/modelkars.com\/fr\/wp-json\/wp\/v2\/media?parent=66331"}],"wp:term":[{"taxonomy":"product_brand","embeddable":true,"href":"https:\/\/modelkars.com\/fr\/wp-json\/wp\/v2\/product_brand?post=66331"},{"taxonomy":"product_cat","embeddable":true,"href":"https:\/\/modelkars.com\/fr\/wp-json\/wp\/v2\/product_cat?post=66331"},{"taxonomy":"product_tag","embeddable":true,"href":"https:\/\/modelkars.com\/fr\/wp-json\/wp\/v2\/product_tag?post=66331"}],"curies":[{"name":"wp","href":"https:\/\/api.w.org\/{rel}","templated":true}]}}