{"id":66330,"date":"2025-06-16T00:00:01","date_gmt":"2025-06-15T22:00:01","guid":{"rendered":"https:\/\/modelkars.com\/?post_type=product&#038;p=66330"},"modified":"2025-12-01T01:52:17","modified_gmt":"2025-12-01T00:52:17","slug":"uusvj-orange-lamborghini-aventador-svj-pearlescent-orange","status":"publish","type":"product","link":"https:\/\/modelkars.com\/fr\/shop\/ultra-unique\/uusvj-orange-lamborghini-aventador-svj-pearlescent-orange\/","title":{"rendered":"Lamborghini Aventador SVJ"},"content":{"rendered":"","protected":false},"excerpt":{"rendered":"<p>Cette Lamborghini Aventador SVJ \u00e0 l&rsquo;\u00e9chelle 1:18 en Pearlescent Orange est une pi\u00e8ce d&rsquo;exception r\u00e9alis\u00e9e en r\u00e9sine par Ultra Unique. Limit\u00e9e \u00e0 seulement 15 exemplaires, elle est pr\u00e9sent\u00e9e sous vitrine sur un socle raffin\u00e9.<\/p>\n","protected":false},"featured_media":66818,"template":"","meta":{"_seopress_robots_primary_cat":"","_seopress_titles_title":"","_seopress_titles_desc":"","_seopress_robots_index":""},"product_brand":[],"product_cat":[639],"product_tag":[84,93,92,85,86,323],"class_list":{"0":"post-66330","1":"product","2":"type-product","3":"status-publish","4":"has-post-thumbnail","6":"product_cat-ultra-unique","7":"product_tag-echelle-118","8":"product_tag-edition-limitee","9":"product_tag-resine","10":"product_tag-sans-ouvrants","11":"product_tag-socle-inclus","12":"product_tag-vitrine-incluse","14":"first","15":"outofstock","16":"taxable","17":"shipping-taxable","18":"purchasable","19":"product-type-simple"},"_links":{"self":[{"href":"https:\/\/modelkars.com\/fr\/wp-json\/wp\/v2\/product\/66330","targetHints":{"allow":["GET"]}}],"collection":[{"href":"https:\/\/modelkars.com\/fr\/wp-json\/wp\/v2\/product"}],"about":[{"href":"https:\/\/modelkars.com\/fr\/wp-json\/wp\/v2\/types\/product"}],"wp:featuredmedia":[{"embeddable":true,"href":"https:\/\/modelkars.com\/fr\/wp-json\/wp\/v2\/media\/66818"}],"wp:attachment":[{"href":"https:\/\/modelkars.com\/fr\/wp-json\/wp\/v2\/media?parent=66330"}],"wp:term":[{"taxonomy":"product_brand","embeddable":true,"href":"https:\/\/modelkars.com\/fr\/wp-json\/wp\/v2\/product_brand?post=66330"},{"taxonomy":"product_cat","embeddable":true,"href":"https:\/\/modelkars.com\/fr\/wp-json\/wp\/v2\/product_cat?post=66330"},{"taxonomy":"product_tag","embeddable":true,"href":"https:\/\/modelkars.com\/fr\/wp-json\/wp\/v2\/product_tag?post=66330"}],"curies":[{"name":"wp","href":"https:\/\/api.w.org\/{rel}","templated":true}]}}