{"id":66329,"date":"2025-06-16T00:00:01","date_gmt":"2025-06-15T22:00:01","guid":{"rendered":"https:\/\/modelkars.com\/?post_type=product&#038;p=66329"},"modified":"2025-12-02T00:00:20","modified_gmt":"2025-12-01T23:00:20","slug":"uusvj-blue-lamborghini-aventador-svj-roadster-anniversary-blue","status":"publish","type":"product","link":"https:\/\/modelkars.com\/fr\/shop\/ultra-unique\/uusvj-blue-lamborghini-aventador-svj-roadster-anniversary-blue\/","title":{"rendered":"Lamborghini Aventador SVJ Roadster"},"content":{"rendered":"","protected":false},"excerpt":{"rendered":"<p>Cette Lamborghini Aventador SVJ Roadster \u00e0 l&rsquo;\u00e9chelle 1:18 en Anniversary Blue captive par sa finition m\u00e9ticuleuse en r\u00e9sine. Fabriqu\u00e9e par Ultra Unique et limit\u00e9e \u00e0 seulement 15 exemplaires, elle est pr\u00e9sent\u00e9e sur un socle \u00e9l\u00e9gant sous vitrine. L&rsquo;Aventador SVJ Roadster d\u00e9tient le record du tour de N\u00fcrburgring pour un mod\u00e8le de s\u00e9rie d\u00e9capotable, affirmant sa domination sur circuit m\u00eame sans son toit.<\/p>\n","protected":false},"featured_media":66805,"template":"","meta":{"_seopress_robots_primary_cat":"","_seopress_titles_title":"","_seopress_titles_desc":"","_seopress_robots_index":""},"product_brand":[],"product_cat":[639],"product_tag":[84,93,92,85,86,323],"class_list":{"0":"post-66329","1":"product","2":"type-product","3":"status-publish","4":"has-post-thumbnail","6":"product_cat-ultra-unique","7":"product_tag-echelle-118","8":"product_tag-edition-limitee","9":"product_tag-resine","10":"product_tag-sans-ouvrants","11":"product_tag-socle-inclus","12":"product_tag-vitrine-incluse","14":"first","15":"instock","16":"taxable","17":"shipping-taxable","18":"purchasable","19":"product-type-simple"},"_links":{"self":[{"href":"https:\/\/modelkars.com\/fr\/wp-json\/wp\/v2\/product\/66329","targetHints":{"allow":["GET"]}}],"collection":[{"href":"https:\/\/modelkars.com\/fr\/wp-json\/wp\/v2\/product"}],"about":[{"href":"https:\/\/modelkars.com\/fr\/wp-json\/wp\/v2\/types\/product"}],"wp:featuredmedia":[{"embeddable":true,"href":"https:\/\/modelkars.com\/fr\/wp-json\/wp\/v2\/media\/66805"}],"wp:attachment":[{"href":"https:\/\/modelkars.com\/fr\/wp-json\/wp\/v2\/media?parent=66329"}],"wp:term":[{"taxonomy":"product_brand","embeddable":true,"href":"https:\/\/modelkars.com\/fr\/wp-json\/wp\/v2\/product_brand?post=66329"},{"taxonomy":"product_cat","embeddable":true,"href":"https:\/\/modelkars.com\/fr\/wp-json\/wp\/v2\/product_cat?post=66329"},{"taxonomy":"product_tag","embeddable":true,"href":"https:\/\/modelkars.com\/fr\/wp-json\/wp\/v2\/product_tag?post=66329"}],"curies":[{"name":"wp","href":"https:\/\/api.w.org\/{rel}","templated":true}]}}