{"id":65802,"date":"2025-04-02T00:00:01","date_gmt":"2025-04-01T22:00:01","guid":{"rendered":"https:\/\/modelkars.com\/?post_type=product&#038;p=65802"},"modified":"2025-12-02T00:00:22","modified_gmt":"2025-12-01T23:00:22","slug":"ce-sf90spur-novitec-sf90-spider-hongkong-purple","status":"publish","type":"product","link":"https:\/\/modelkars.com\/fr\/shop\/ce-models\/ce-sf90spur-novitec-sf90-spider-hongkong-purple\/","title":{"rendered":"Novitec SF90 Spider"},"content":{"rendered":"","protected":false},"excerpt":{"rendered":"<p>Cette Novitec SF90 Spider en teinte HongKong purple \u00e0 l&rsquo;\u00e9chelle 1:18 est une pi\u00e8ce d&rsquo;exception dans l&rsquo;univers des mod\u00e8les r\u00e9duits. Sculpt\u00e9e avec art en r\u00e9sine par CE Models, cette miniature capte l&rsquo;essence de la surpuissante Ferrari modifi\u00e9e par Novitec. Avec sa production limit\u00e9e \u00e0 30 exemplaires, ce mod\u00e8le rare est pr\u00e9sent\u00e9 sous vitrine avec socle. La couleur HongKong purple, presque mystique, sublime les lignes agressives de cette hypercar. Les modifications Novitec permettent \u00e0 la SF90 Spider d&rsquo;abattre le 0 \u00e0 200 km\/h en seulement 6,5 secondes.<\/p>\n","protected":false},"featured_media":65816,"template":"","meta":{"_seopress_robots_primary_cat":"","_seopress_titles_title":"","_seopress_titles_desc":"","_seopress_robots_index":""},"product_brand":[],"product_cat":[632],"product_tag":[84,93,92,85,86,323],"class_list":{"0":"post-65802","1":"product","2":"type-product","3":"status-publish","4":"has-post-thumbnail","6":"product_cat-ce-models","7":"product_tag-echelle-118","8":"product_tag-edition-limitee","9":"product_tag-resine","10":"product_tag-sans-ouvrants","11":"product_tag-socle-inclus","12":"product_tag-vitrine-incluse","14":"first","15":"instock","16":"taxable","17":"shipping-taxable","18":"purchasable","19":"product-type-simple"},"_links":{"self":[{"href":"https:\/\/modelkars.com\/fr\/wp-json\/wp\/v2\/product\/65802","targetHints":{"allow":["GET"]}}],"collection":[{"href":"https:\/\/modelkars.com\/fr\/wp-json\/wp\/v2\/product"}],"about":[{"href":"https:\/\/modelkars.com\/fr\/wp-json\/wp\/v2\/types\/product"}],"wp:featuredmedia":[{"embeddable":true,"href":"https:\/\/modelkars.com\/fr\/wp-json\/wp\/v2\/media\/65816"}],"wp:attachment":[{"href":"https:\/\/modelkars.com\/fr\/wp-json\/wp\/v2\/media?parent=65802"}],"wp:term":[{"taxonomy":"product_brand","embeddable":true,"href":"https:\/\/modelkars.com\/fr\/wp-json\/wp\/v2\/product_brand?post=65802"},{"taxonomy":"product_cat","embeddable":true,"href":"https:\/\/modelkars.com\/fr\/wp-json\/wp\/v2\/product_cat?post=65802"},{"taxonomy":"product_tag","embeddable":true,"href":"https:\/\/modelkars.com\/fr\/wp-json\/wp\/v2\/product_tag?post=65802"}],"curies":[{"name":"wp","href":"https:\/\/api.w.org\/{rel}","templated":true}]}}