{"id":65800,"date":"2025-04-02T00:00:01","date_gmt":"2025-04-01T22:00:01","guid":{"rendered":"https:\/\/modelkars.com\/?post_type=product&#038;p=65800"},"modified":"2025-12-02T00:00:22","modified_gmt":"2025-12-01T23:00:22","slug":"ce-sf90syel-novitec-sf90-spider-jaune","status":"publish","type":"product","link":"https:\/\/modelkars.com\/fr\/shop\/ce-models\/ce-sf90syel-novitec-sf90-spider-jaune\/","title":{"rendered":"Novitec SF90 Spider"},"content":{"rendered":"","protected":false},"excerpt":{"rendered":"<p>Cette Novitec SF90 Spider jaune \u00e0 l&rsquo;\u00e9chelle 1:18 incarne l&rsquo;expression ultime du roadster Ferrari modifi\u00e9. M\u00e9ticuleusement reproduite en r\u00e9sine par CE Models, cette miniature capture l&rsquo;essence m\u00eame de la version Novitec, reconnaissable \u00e0 ses modifications a\u00e9rodynamiques distinctives. Limit\u00e9e \u00e0 seulement 30 exemplaires, elle est pr\u00e9sent\u00e9e sous vitrine avec socle. Novitec transforme la SF90 Spider en augmentant sa puissance \u00e0 plus de 1100 chevaux, lui permettant d&rsquo;atteindre 100 km\/h en seulement 2,4 secondes.<\/p>\n","protected":false},"featured_media":65822,"template":"","meta":{"_seopress_robots_primary_cat":"","_seopress_titles_title":"","_seopress_titles_desc":"","_seopress_robots_index":""},"product_brand":[],"product_cat":[632],"product_tag":[84,93,92,85,86,323],"class_list":{"0":"post-65800","1":"product","2":"type-product","3":"status-publish","4":"has-post-thumbnail","6":"product_cat-ce-models","7":"product_tag-echelle-118","8":"product_tag-edition-limitee","9":"product_tag-resine","10":"product_tag-sans-ouvrants","11":"product_tag-socle-inclus","12":"product_tag-vitrine-incluse","14":"first","15":"instock","16":"taxable","17":"shipping-taxable","18":"purchasable","19":"product-type-simple"},"_links":{"self":[{"href":"https:\/\/modelkars.com\/fr\/wp-json\/wp\/v2\/product\/65800","targetHints":{"allow":["GET"]}}],"collection":[{"href":"https:\/\/modelkars.com\/fr\/wp-json\/wp\/v2\/product"}],"about":[{"href":"https:\/\/modelkars.com\/fr\/wp-json\/wp\/v2\/types\/product"}],"wp:featuredmedia":[{"embeddable":true,"href":"https:\/\/modelkars.com\/fr\/wp-json\/wp\/v2\/media\/65822"}],"wp:attachment":[{"href":"https:\/\/modelkars.com\/fr\/wp-json\/wp\/v2\/media?parent=65800"}],"wp:term":[{"taxonomy":"product_brand","embeddable":true,"href":"https:\/\/modelkars.com\/fr\/wp-json\/wp\/v2\/product_brand?post=65800"},{"taxonomy":"product_cat","embeddable":true,"href":"https:\/\/modelkars.com\/fr\/wp-json\/wp\/v2\/product_cat?post=65800"},{"taxonomy":"product_tag","embeddable":true,"href":"https:\/\/modelkars.com\/fr\/wp-json\/wp\/v2\/product_tag?post=65800"}],"curies":[{"name":"wp","href":"https:\/\/api.w.org\/{rel}","templated":true}]}}