{"id":64615,"date":"2025-10-27T00:00:01","date_gmt":"2025-10-26T23:00:01","guid":{"rendered":"https:\/\/modelkars.com\/?post_type=product&#038;p=64615"},"modified":"2026-01-18T14:33:52","modified_gmt":"2026-01-18T13:33:52","slug":"gt537-chevrolet-corvette-c4-rouge-torch","status":"publish","type":"product","link":"https:\/\/modelkars.com\/fr\/shop\/gt-spirit\/gt537-chevrolet-corvette-c4-rouge-torch\/","title":{"rendered":"Chevrolet Corvette C4"},"content":{"rendered":"","protected":false},"excerpt":{"rendered":"<p>Cette Chevrolet Corvette C4 \u00e0 l&rsquo;\u00e9chelle 1:18 arbore une vibrante teinte rouge Torch. Soigneusement reproduite en r\u00e9sine par GT Spirit, cette \u00e9dition limit\u00e9e est pr\u00e9sent\u00e9e sur un socle \u00e9l\u00e9gant. La C4 a r\u00e9volutionn\u00e9 la Corvette avec un coefficient de tra\u00een\u00e9e de seulement 0,34, ce qui en faisait l&rsquo;une des voitures de s\u00e9rie les plus a\u00e9rodynamiques de son \u00e9poque.<\/p>\n","protected":false},"featured_media":74082,"template":"","meta":{"_seopress_robots_primary_cat":"","_seopress_titles_title":"","_seopress_titles_desc":"","_seopress_robots_index":""},"product_brand":[],"product_cat":[71],"product_tag":[84,93,92,85,628,86],"class_list":{"0":"post-64615","1":"product","2":"type-product","3":"status-publish","4":"has-post-thumbnail","6":"product_cat-gt-spirit","7":"product_tag-echelle-118","8":"product_tag-edition-limitee","9":"product_tag-resine","10":"product_tag-sans-ouvrants","11":"product_tag-septembre-2025","12":"product_tag-socle-inclus","14":"first","15":"instock","16":"taxable","17":"shipping-taxable","18":"purchasable","19":"product-type-simple"},"_links":{"self":[{"href":"https:\/\/modelkars.com\/fr\/wp-json\/wp\/v2\/product\/64615","targetHints":{"allow":["GET"]}}],"collection":[{"href":"https:\/\/modelkars.com\/fr\/wp-json\/wp\/v2\/product"}],"about":[{"href":"https:\/\/modelkars.com\/fr\/wp-json\/wp\/v2\/types\/product"}],"wp:featuredmedia":[{"embeddable":true,"href":"https:\/\/modelkars.com\/fr\/wp-json\/wp\/v2\/media\/74082"}],"wp:attachment":[{"href":"https:\/\/modelkars.com\/fr\/wp-json\/wp\/v2\/media?parent=64615"}],"wp:term":[{"taxonomy":"product_brand","embeddable":true,"href":"https:\/\/modelkars.com\/fr\/wp-json\/wp\/v2\/product_brand?post=64615"},{"taxonomy":"product_cat","embeddable":true,"href":"https:\/\/modelkars.com\/fr\/wp-json\/wp\/v2\/product_cat?post=64615"},{"taxonomy":"product_tag","embeddable":true,"href":"https:\/\/modelkars.com\/fr\/wp-json\/wp\/v2\/product_tag?post=64615"}],"curies":[{"name":"wp","href":"https:\/\/api.w.org\/{rel}","templated":true}]}}