{"id":64612,"date":"2025-10-03T00:00:01","date_gmt":"2025-10-02T22:00:01","guid":{"rendered":"https:\/\/modelkars.com\/?post_type=product&#038;p=64612"},"modified":"2025-12-02T00:00:14","modified_gmt":"2025-12-01T23:00:14","slug":"gt929-porsche-911-991-2-speedster-heritage-edition-cherry-metallic","status":"publish","type":"product","link":"https:\/\/modelkars.com\/fr\/shop\/gt-spirit\/gt929-porsche-911-991-2-speedster-heritage-edition-cherry-metallic\/","title":{"rendered":"Porsche 911 (991.2) Speedster Heritage Design"},"content":{"rendered":"","protected":false},"excerpt":{"rendered":"<p>Cette Porsche 911 (991.2) Speedster Heritage Edition \u00e0 l&rsquo;\u00e9chelle 1:18 se pare d&rsquo;une \u00e9l\u00e9gante teinte Cherry Metallic. Minutieusement sculpt\u00e9e en r\u00e9sine par GT Spirit, cette \u00e9dition limit\u00e9e est mise en valeur sur un socle distingu\u00e9.<\/p>\n","protected":false},"featured_media":74016,"template":"","meta":{"_seopress_robots_primary_cat":"","_seopress_titles_title":"","_seopress_titles_desc":"","_seopress_robots_index":""},"product_brand":[],"product_cat":[71],"product_tag":[84,93,92,85,628,86],"class_list":{"0":"post-64612","1":"product","2":"type-product","3":"status-publish","4":"has-post-thumbnail","6":"product_cat-gt-spirit","7":"product_tag-echelle-118","8":"product_tag-edition-limitee","9":"product_tag-resine","10":"product_tag-sans-ouvrants","11":"product_tag-septembre-2025","12":"product_tag-socle-inclus","14":"first","15":"outofstock","16":"taxable","17":"shipping-taxable","18":"purchasable","19":"product-type-simple"},"_links":{"self":[{"href":"https:\/\/modelkars.com\/fr\/wp-json\/wp\/v2\/product\/64612","targetHints":{"allow":["GET"]}}],"collection":[{"href":"https:\/\/modelkars.com\/fr\/wp-json\/wp\/v2\/product"}],"about":[{"href":"https:\/\/modelkars.com\/fr\/wp-json\/wp\/v2\/types\/product"}],"wp:featuredmedia":[{"embeddable":true,"href":"https:\/\/modelkars.com\/fr\/wp-json\/wp\/v2\/media\/74016"}],"wp:attachment":[{"href":"https:\/\/modelkars.com\/fr\/wp-json\/wp\/v2\/media?parent=64612"}],"wp:term":[{"taxonomy":"product_brand","embeddable":true,"href":"https:\/\/modelkars.com\/fr\/wp-json\/wp\/v2\/product_brand?post=64612"},{"taxonomy":"product_cat","embeddable":true,"href":"https:\/\/modelkars.com\/fr\/wp-json\/wp\/v2\/product_cat?post=64612"},{"taxonomy":"product_tag","embeddable":true,"href":"https:\/\/modelkars.com\/fr\/wp-json\/wp\/v2\/product_tag?post=64612"}],"curies":[{"name":"wp","href":"https:\/\/api.w.org\/{rel}","templated":true}]}}