{"id":64609,"date":"2025-10-27T00:00:01","date_gmt":"2025-10-26T23:00:01","guid":{"rendered":"https:\/\/modelkars.com\/?post_type=product&#038;p=64609"},"modified":"2026-02-06T23:29:31","modified_gmt":"2026-02-06T22:29:31","slug":"gt522-porsche-911-rwb-yuiitsumuni-argent","status":"publish","type":"product","link":"https:\/\/modelkars.com\/fr\/shop\/gt-spirit\/gt522-porsche-911-rwb-yuiitsumuni-argent\/","title":{"rendered":"Porsche 911 RWB Yuiitsumuni"},"content":{"rendered":"","protected":false},"excerpt":{"rendered":"<p>Cette Porsche 911 RWB Yuiitsumuni \u00e0 l&rsquo;\u00e9chelle 1:18 brille dans sa saisissante teinte argent. M\u00e9ticuleusement reproduite en r\u00e9sine par GT Spirit, cette \u00e9dition limit\u00e9e est mise en valeur sur un socle distingu\u00e9. RWB (RAUH-Welt Begriff), fond\u00e9 par Akira Nakai, personnalise chaque Porsche \u00e0 la main, cr\u00e9ant des ailes \u00e9largies embl\u00e9matiques sans utiliser de gabarits.<\/p>\n","protected":false},"featured_media":73972,"template":"","meta":{"_seopress_robots_primary_cat":"","_seopress_titles_title":"","_seopress_titles_desc":"","_seopress_robots_index":""},"product_brand":[],"product_cat":[71],"product_tag":[84,93,92,85,628,86],"class_list":{"0":"post-64609","1":"product","2":"type-product","3":"status-publish","4":"has-post-thumbnail","6":"product_cat-gt-spirit","7":"product_tag-echelle-118","8":"product_tag-edition-limitee","9":"product_tag-resine","10":"product_tag-sans-ouvrants","11":"product_tag-septembre-2025","12":"product_tag-socle-inclus","14":"first","15":"instock","16":"taxable","17":"shipping-taxable","18":"purchasable","19":"product-type-simple"},"_links":{"self":[{"href":"https:\/\/modelkars.com\/fr\/wp-json\/wp\/v2\/product\/64609","targetHints":{"allow":["GET"]}}],"collection":[{"href":"https:\/\/modelkars.com\/fr\/wp-json\/wp\/v2\/product"}],"about":[{"href":"https:\/\/modelkars.com\/fr\/wp-json\/wp\/v2\/types\/product"}],"wp:featuredmedia":[{"embeddable":true,"href":"https:\/\/modelkars.com\/fr\/wp-json\/wp\/v2\/media\/73972"}],"wp:attachment":[{"href":"https:\/\/modelkars.com\/fr\/wp-json\/wp\/v2\/media?parent=64609"}],"wp:term":[{"taxonomy":"product_brand","embeddable":true,"href":"https:\/\/modelkars.com\/fr\/wp-json\/wp\/v2\/product_brand?post=64609"},{"taxonomy":"product_cat","embeddable":true,"href":"https:\/\/modelkars.com\/fr\/wp-json\/wp\/v2\/product_cat?post=64609"},{"taxonomy":"product_tag","embeddable":true,"href":"https:\/\/modelkars.com\/fr\/wp-json\/wp\/v2\/product_tag?post=64609"}],"curies":[{"name":"wp","href":"https:\/\/api.w.org\/{rel}","templated":true}]}}