{"id":63936,"date":"2025-11-12T00:00:01","date_gmt":"2025-11-11T23:00:01","guid":{"rendered":"https:\/\/modelkars.com\/?post_type=product&#038;p=63936"},"modified":"2026-03-19T22:53:32","modified_gmt":"2026-03-19T21:53:32","slug":"fe045se5-ferrari-f80-viola-hong-kong-grey-stripe","status":"publish","type":"product","link":"https:\/\/modelkars.com\/fr\/shop\/mr-collection\/fe045se5-ferrari-f80-viola-hong-kong-grey-stripe\/","title":{"rendered":"Ferrari F80"},"content":{"rendered":"","protected":false},"excerpt":{"rendered":"<p>En couleur Viola Hong Kong avec bande grise et jaune, cette Ferrari F80 \u00e0 l\u2019\u00e9chelle 1:18 de MR Collection est une \u00e9dition limit\u00e9e de 49 exemplaires. Sous vitrine, elle refl\u00e8te l\u2019audace de Ferrari avec ses 1200 chevaux et son allure a\u00e9rodynamique. Un mod\u00e8le pour les amateurs de performance et d\u2019\u00e9l\u00e9gance.<\/p>\n","protected":false},"featured_media":63938,"template":"","meta":{"_seopress_robots_primary_cat":"","_seopress_titles_title":"","_seopress_titles_desc":"","_seopress_robots_index":""},"product_brand":[],"product_cat":[95],"product_tag":[84,93,92,85,86,323],"class_list":{"0":"post-63936","1":"product","2":"type-product","3":"status-publish","4":"has-post-thumbnail","6":"product_cat-mr-collection","7":"product_tag-echelle-118","8":"product_tag-edition-limitee","9":"product_tag-resine","10":"product_tag-sans-ouvrants","11":"product_tag-socle-inclus","12":"product_tag-vitrine-incluse","14":"first","15":"instock","16":"taxable","17":"shipping-taxable","18":"purchasable","19":"product-type-simple"},"_links":{"self":[{"href":"https:\/\/modelkars.com\/fr\/wp-json\/wp\/v2\/product\/63936","targetHints":{"allow":["GET"]}}],"collection":[{"href":"https:\/\/modelkars.com\/fr\/wp-json\/wp\/v2\/product"}],"about":[{"href":"https:\/\/modelkars.com\/fr\/wp-json\/wp\/v2\/types\/product"}],"wp:featuredmedia":[{"embeddable":true,"href":"https:\/\/modelkars.com\/fr\/wp-json\/wp\/v2\/media\/63938"}],"wp:attachment":[{"href":"https:\/\/modelkars.com\/fr\/wp-json\/wp\/v2\/media?parent=63936"}],"wp:term":[{"taxonomy":"product_brand","embeddable":true,"href":"https:\/\/modelkars.com\/fr\/wp-json\/wp\/v2\/product_brand?post=63936"},{"taxonomy":"product_cat","embeddable":true,"href":"https:\/\/modelkars.com\/fr\/wp-json\/wp\/v2\/product_cat?post=63936"},{"taxonomy":"product_tag","embeddable":true,"href":"https:\/\/modelkars.com\/fr\/wp-json\/wp\/v2\/product_tag?post=63936"}],"curies":[{"name":"wp","href":"https:\/\/api.w.org\/{rel}","templated":true}]}}