{"id":63868,"date":"2025-09-12T15:12:13","date_gmt":"2025-09-12T13:12:13","guid":{"rendered":"https:\/\/modelkars.com\/?post_type=product&#038;p=63868"},"modified":"2026-02-26T15:12:34","modified_gmt":"2026-02-26T14:12:34","slug":"117069402-porsche-taycan-turbo-gt-noir","status":"publish","type":"product","link":"https:\/\/modelkars.com\/fr\/shop\/minichamps\/117069402-porsche-taycan-turbo-gt-noir\/","title":{"rendered":"Porsche Taycan Turbo GT"},"content":{"rendered":"","protected":false},"excerpt":{"rendered":"<p>Cette voiture miniature \u00e0 l&rsquo;\u00e9chelle 1:18\u00e8me reproduit la Porsche Taycan Turbo GT dans un coloris noir. Fabriqu\u00e9 par Minichamps, ce mod\u00e8le r\u00e9duit est r\u00e9alis\u00e9 en r\u00e9sine. Miniature produite en s\u00e9rie limit\u00e9e.<\/p>\n","protected":false},"featured_media":63908,"template":"","meta":{"_seopress_robots_primary_cat":"","_seopress_titles_title":"","_seopress_titles_desc":"","_seopress_robots_index":""},"product_brand":[],"product_cat":[94],"product_tag":[84,93,92,85],"class_list":{"0":"post-63868","1":"product","2":"type-product","3":"status-publish","4":"has-post-thumbnail","6":"product_cat-minichamps","7":"product_tag-echelle-118","8":"product_tag-edition-limitee","9":"product_tag-resine","10":"product_tag-sans-ouvrants","12":"first","13":"instock","14":"taxable","15":"shipping-taxable","16":"purchasable","17":"product-type-simple"},"_links":{"self":[{"href":"https:\/\/modelkars.com\/fr\/wp-json\/wp\/v2\/product\/63868","targetHints":{"allow":["GET"]}}],"collection":[{"href":"https:\/\/modelkars.com\/fr\/wp-json\/wp\/v2\/product"}],"about":[{"href":"https:\/\/modelkars.com\/fr\/wp-json\/wp\/v2\/types\/product"}],"wp:featuredmedia":[{"embeddable":true,"href":"https:\/\/modelkars.com\/fr\/wp-json\/wp\/v2\/media\/63908"}],"wp:attachment":[{"href":"https:\/\/modelkars.com\/fr\/wp-json\/wp\/v2\/media?parent=63868"}],"wp:term":[{"taxonomy":"product_brand","embeddable":true,"href":"https:\/\/modelkars.com\/fr\/wp-json\/wp\/v2\/product_brand?post=63868"},{"taxonomy":"product_cat","embeddable":true,"href":"https:\/\/modelkars.com\/fr\/wp-json\/wp\/v2\/product_cat?post=63868"},{"taxonomy":"product_tag","embeddable":true,"href":"https:\/\/modelkars.com\/fr\/wp-json\/wp\/v2\/product_tag?post=63868"}],"curies":[{"name":"wp","href":"https:\/\/api.w.org\/{rel}","templated":true}]}}