{"id":63865,"date":"2025-01-29T19:12:12","date_gmt":"2025-01-29T18:12:12","guid":{"rendered":"https:\/\/modelkars.com\/?post_type=product&#038;p=63865"},"modified":"2026-03-16T04:04:09","modified_gmt":"2026-03-16T03:04:09","slug":"155024232-bmw-z8-argent","status":"publish","type":"product","link":"https:\/\/modelkars.com\/fr\/shop\/minichamps\/155024232-bmw-z8-argent\/","title":{"rendered":"BMW Z8"},"content":{"rendered":"","protected":false},"excerpt":{"rendered":"<p>Le mythique roadster BMW Z8 est ici fid\u00e8lement reproduit \u00e0 l&rsquo;\u00e9chelle 1:18 par Minichamps en m\u00e9tal, avec une teinte grise. Ce mod\u00e8le en s\u00e9rie limit\u00e9e repose sur un socle. La Z8, rendue c\u00e9l\u00e8bre par James Bond, est une ic\u00f4ne du design et de la performance.<\/p>\n","protected":false},"featured_media":77615,"template":"","meta":{"_seopress_robots_primary_cat":"","_seopress_titles_title":"","_seopress_titles_desc":"","_seopress_robots_index":""},"product_brand":[],"product_cat":[94,163],"product_tag":[84,93,89,85,86],"class_list":{"0":"post-63865","1":"product","2":"type-product","3":"status-publish","4":"has-post-thumbnail","6":"product_cat-minichamps","7":"product_cat-precommandes","8":"product_tag-echelle-118","9":"product_tag-edition-limitee","10":"product_tag-metal","11":"product_tag-sans-ouvrants","12":"product_tag-socle-inclus","14":"first","15":"instock","16":"taxable","17":"shipping-taxable","18":"purchasable","19":"product-type-simple"},"_links":{"self":[{"href":"https:\/\/modelkars.com\/fr\/wp-json\/wp\/v2\/product\/63865","targetHints":{"allow":["GET"]}}],"collection":[{"href":"https:\/\/modelkars.com\/fr\/wp-json\/wp\/v2\/product"}],"about":[{"href":"https:\/\/modelkars.com\/fr\/wp-json\/wp\/v2\/types\/product"}],"wp:featuredmedia":[{"embeddable":true,"href":"https:\/\/modelkars.com\/fr\/wp-json\/wp\/v2\/media\/77615"}],"wp:attachment":[{"href":"https:\/\/modelkars.com\/fr\/wp-json\/wp\/v2\/media?parent=63865"}],"wp:term":[{"taxonomy":"product_brand","embeddable":true,"href":"https:\/\/modelkars.com\/fr\/wp-json\/wp\/v2\/product_brand?post=63865"},{"taxonomy":"product_cat","embeddable":true,"href":"https:\/\/modelkars.com\/fr\/wp-json\/wp\/v2\/product_cat?post=63865"},{"taxonomy":"product_tag","embeddable":true,"href":"https:\/\/modelkars.com\/fr\/wp-json\/wp\/v2\/product_tag?post=63865"}],"curies":[{"name":"wp","href":"https:\/\/api.w.org\/{rel}","templated":true}]}}