{"id":63839,"date":"2026-01-23T00:00:01","date_gmt":"2026-01-22T23:00:01","guid":{"rendered":"https:\/\/modelkars.com\/?post_type=product&#038;p=63839"},"modified":"2026-02-26T15:12:26","modified_gmt":"2026-02-26T14:12:26","slug":"110020140-bmw-m4-g82-rouge","status":"publish","type":"product","link":"https:\/\/modelkars.com\/fr\/shop\/minichamps\/110020140-bmw-m4-g82-rouge\/","title":{"rendered":"BMW M4 (G82)"},"content":{"rendered":"","protected":false},"excerpt":{"rendered":"<p>Cette BMW M4 (G82) \u00e0 l&rsquo;\u00e9chelle 1:18 est fid\u00e8lement reproduite par Minichamps en m\u00e9tal, avec une finition rouge saisissante. Ce mod\u00e8le en s\u00e9rie limit\u00e9e est dot\u00e9 d&rsquo;ouvrants et pr\u00e9sent\u00e9 sur socle. La v\u00e9ritable M4 G82 impressionne par son moteur six cylindres en ligne de 510 chevaux.<\/p>\n","protected":false},"featured_media":77477,"template":"","meta":{"_seopress_robots_primary_cat":"","_seopress_titles_title":"","_seopress_titles_desc":"","_seopress_robots_index":""},"product_brand":[],"product_cat":[94],"product_tag":[117,84,93,89],"class_list":{"0":"post-63839","1":"product","2":"type-product","3":"status-publish","4":"has-post-thumbnail","6":"product_cat-minichamps","7":"product_tag-avec-ouvrants","8":"product_tag-echelle-118","9":"product_tag-edition-limitee","10":"product_tag-metal","12":"first","13":"instock","14":"taxable","15":"shipping-taxable","16":"purchasable","17":"product-type-simple"},"_links":{"self":[{"href":"https:\/\/modelkars.com\/fr\/wp-json\/wp\/v2\/product\/63839","targetHints":{"allow":["GET"]}}],"collection":[{"href":"https:\/\/modelkars.com\/fr\/wp-json\/wp\/v2\/product"}],"about":[{"href":"https:\/\/modelkars.com\/fr\/wp-json\/wp\/v2\/types\/product"}],"wp:featuredmedia":[{"embeddable":true,"href":"https:\/\/modelkars.com\/fr\/wp-json\/wp\/v2\/media\/77477"}],"wp:attachment":[{"href":"https:\/\/modelkars.com\/fr\/wp-json\/wp\/v2\/media?parent=63839"}],"wp:term":[{"taxonomy":"product_brand","embeddable":true,"href":"https:\/\/modelkars.com\/fr\/wp-json\/wp\/v2\/product_brand?post=63839"},{"taxonomy":"product_cat","embeddable":true,"href":"https:\/\/modelkars.com\/fr\/wp-json\/wp\/v2\/product_cat?post=63839"},{"taxonomy":"product_tag","embeddable":true,"href":"https:\/\/modelkars.com\/fr\/wp-json\/wp\/v2\/product_tag?post=63839"}],"curies":[{"name":"wp","href":"https:\/\/api.w.org\/{rel}","templated":true}]}}