{"id":63525,"date":"2025-11-24T00:00:01","date_gmt":"2025-11-23T23:00:01","guid":{"rendered":"https:\/\/modelkars.com\/?post_type=product&#038;p=63525"},"modified":"2026-03-21T20:09:49","modified_gmt":"2026-03-21T19:09:49","slug":"78158-porsche-911-930-turbo-wangan-midnight-blackbird-noir","status":"publish","type":"product","link":"https:\/\/modelkars.com\/fr\/shop\/autoart\/78158-porsche-911-930-turbo-wangan-midnight-blackbird-noir\/","title":{"rendered":"Porsche 911 (930) Turbo Wangan Midnight \u00ab\u00a0Blackbird\u00a0\u00bb"},"content":{"rendered":"","protected":false},"excerpt":{"rendered":"<p>Cette Porsche 911 Turbo 930 \u00e0 l&rsquo;\u00e9chelle 1:18 incarne la l\u00e9gendaire BLACKBIRD du manga Wangan Midnight dans sa version originale du comic #1. Fabriqu\u00e9e par AUTOart avec tous les ouvrants fonctionnels, cette miniature reproduit fid\u00e8lement la monture noire de Tatsuya Shima. Son nom fait \u00e9cho au c\u00e9l\u00e8bre avion espion Lockheed SR-71 Blackbird. Cette 930 d\u00e9veloppait 700 chevaux dans l&rsquo;univers du manga et affrontait r\u00e9guli\u00e8rement la mythique Devil Z sur l&rsquo;autoroute de la baie de Tokyo, cr\u00e9ant l&rsquo;une des rivalit\u00e9s les plus iconiques de la culture automobile japonaise.<\/p>\n","protected":false},"featured_media":69367,"template":"","meta":{"_seopress_robots_primary_cat":"","_seopress_titles_title":"","_seopress_titles_desc":"","_seopress_robots_index":""},"product_brand":[],"product_cat":[118],"product_tag":[117,119,84],"class_list":{"0":"post-63525","1":"product","2":"type-product","3":"status-publish","4":"has-post-thumbnail","6":"product_cat-autoart","7":"product_tag-avec-ouvrants","8":"product_tag-composite","9":"product_tag-echelle-118","11":"first","12":"instock","13":"taxable","14":"shipping-taxable","15":"purchasable","16":"product-type-simple"},"_links":{"self":[{"href":"https:\/\/modelkars.com\/fr\/wp-json\/wp\/v2\/product\/63525","targetHints":{"allow":["GET"]}}],"collection":[{"href":"https:\/\/modelkars.com\/fr\/wp-json\/wp\/v2\/product"}],"about":[{"href":"https:\/\/modelkars.com\/fr\/wp-json\/wp\/v2\/types\/product"}],"wp:featuredmedia":[{"embeddable":true,"href":"https:\/\/modelkars.com\/fr\/wp-json\/wp\/v2\/media\/69367"}],"wp:attachment":[{"href":"https:\/\/modelkars.com\/fr\/wp-json\/wp\/v2\/media?parent=63525"}],"wp:term":[{"taxonomy":"product_brand","embeddable":true,"href":"https:\/\/modelkars.com\/fr\/wp-json\/wp\/v2\/product_brand?post=63525"},{"taxonomy":"product_cat","embeddable":true,"href":"https:\/\/modelkars.com\/fr\/wp-json\/wp\/v2\/product_cat?post=63525"},{"taxonomy":"product_tag","embeddable":true,"href":"https:\/\/modelkars.com\/fr\/wp-json\/wp\/v2\/product_tag?post=63525"}],"curies":[{"name":"wp","href":"https:\/\/api.w.org\/{rel}","templated":true}]}}