{"id":63524,"date":"2026-04-08T00:00:01","date_gmt":"2026-04-07T22:00:01","guid":{"rendered":"https:\/\/modelkars.com\/?post_type=product&#038;p=63524"},"modified":"2026-04-20T14:26:00","modified_gmt":"2026-04-20T12:26:00","slug":"78115-porsche-911-930-turbo-3-0-bleu-minerva","status":"publish","type":"product","link":"https:\/\/modelkars.com\/fr\/shop\/autoart\/78115-porsche-911-930-turbo-3-0-bleu-minerva\/","title":{"rendered":"Porsche 911 (930) Turbo 3.0"},"content":{"rendered":"","protected":false},"excerpt":{"rendered":"<p>Cette Porsche 911 (930) Turbo 3.0 \u00e0 l&rsquo;\u00e9chelle 1:18 par AUTOart se distingue par sa teinte Minerva bleu raffin\u00e9e. R\u00e9alis\u00e9e en composite avec ouvrants fonctionnels, elle rappelle les couleurs historiques des Porsche de course des ann\u00e9es 60 et 70.<\/p>\n","protected":false},"featured_media":102938,"template":"","meta":{"_seopress_robots_primary_cat":"","_seopress_titles_title":"","_seopress_titles_desc":"","_seopress_robots_index":""},"product_brand":[],"product_cat":[118,163],"product_tag":[117,119,84],"class_list":{"0":"post-63524","1":"product","2":"type-product","3":"status-publish","4":"has-post-thumbnail","6":"product_cat-autoart","7":"product_cat-precommandes","8":"product_tag-avec-ouvrants","9":"product_tag-composite","10":"product_tag-echelle-118","12":"first","13":"onbackorder","14":"taxable","15":"shipping-taxable","16":"purchasable","17":"product-type-simple"},"_links":{"self":[{"href":"https:\/\/modelkars.com\/fr\/wp-json\/wp\/v2\/product\/63524","targetHints":{"allow":["GET"]}}],"collection":[{"href":"https:\/\/modelkars.com\/fr\/wp-json\/wp\/v2\/product"}],"about":[{"href":"https:\/\/modelkars.com\/fr\/wp-json\/wp\/v2\/types\/product"}],"wp:featuredmedia":[{"embeddable":true,"href":"https:\/\/modelkars.com\/fr\/wp-json\/wp\/v2\/media\/102938"}],"wp:attachment":[{"href":"https:\/\/modelkars.com\/fr\/wp-json\/wp\/v2\/media?parent=63524"}],"wp:term":[{"taxonomy":"product_brand","embeddable":true,"href":"https:\/\/modelkars.com\/fr\/wp-json\/wp\/v2\/product_brand?post=63524"},{"taxonomy":"product_cat","embeddable":true,"href":"https:\/\/modelkars.com\/fr\/wp-json\/wp\/v2\/product_cat?post=63524"},{"taxonomy":"product_tag","embeddable":true,"href":"https:\/\/modelkars.com\/fr\/wp-json\/wp\/v2\/product_tag?post=63524"}],"curies":[{"name":"wp","href":"https:\/\/api.w.org\/{rel}","templated":true}]}}