{"id":63519,"date":"2025-01-27T19:51:08","date_gmt":"2025-01-27T18:51:08","guid":{"rendered":"https:\/\/modelkars.com\/?post_type=product&#038;p=63519"},"modified":"2025-12-19T19:28:10","modified_gmt":"2025-12-19T18:28:10","slug":"450066300-ford-transit-supervan-4-2000hp-blanc","status":"publish","type":"product","link":"https:\/\/modelkars.com\/fr\/shop\/schuco\/450066300-ford-transit-supervan-4-2000hp-blanc\/","title":{"rendered":"Ford Transit SuperVan 4 2000hp"},"content":{"rendered":"","protected":false},"excerpt":{"rendered":"<p>Ce Ford Transit SuperVan 4 \u00e0 l&rsquo;\u00e9chelle 1:18 par Schuco capture l&rsquo;essence de ce v\u00e9hicule \u00e9lectrique de 2000 chevaux. R\u00e9alis\u00e9 en r\u00e9sine et pr\u00e9sent\u00e9 en blanc, ce mod\u00e8le est livr\u00e9 avec son socle et sa vitrine. Ce v\u00e9hicule utilitaire unique d\u00e9velopp\u00e9 par Ford Performance a \u00e9tabli un record au Festival de Goodwood en 2023.<\/p>\n","protected":false},"featured_media":63529,"template":"","meta":{"_seopress_robots_primary_cat":"","_seopress_titles_title":"","_seopress_titles_desc":"","_seopress_robots_index":"","_seopress_analysis_target_kw":""},"product_brand":[],"product_cat":[467],"product_tag":[84,92,85,86,323],"class_list":{"0":"post-63519","1":"product","2":"type-product","3":"status-publish","4":"has-post-thumbnail","6":"product_cat-schuco","7":"product_tag-echelle-118","8":"product_tag-resine","9":"product_tag-sans-ouvrants","10":"product_tag-socle-inclus","11":"product_tag-vitrine-incluse","13":"first","14":"outofstock","15":"taxable","16":"shipping-taxable","17":"purchasable","18":"product-type-simple"},"_links":{"self":[{"href":"https:\/\/modelkars.com\/fr\/wp-json\/wp\/v2\/product\/63519","targetHints":{"allow":["GET"]}}],"collection":[{"href":"https:\/\/modelkars.com\/fr\/wp-json\/wp\/v2\/product"}],"about":[{"href":"https:\/\/modelkars.com\/fr\/wp-json\/wp\/v2\/types\/product"}],"wp:featuredmedia":[{"embeddable":true,"href":"https:\/\/modelkars.com\/fr\/wp-json\/wp\/v2\/media\/63529"}],"wp:attachment":[{"href":"https:\/\/modelkars.com\/fr\/wp-json\/wp\/v2\/media?parent=63519"}],"wp:term":[{"taxonomy":"product_brand","embeddable":true,"href":"https:\/\/modelkars.com\/fr\/wp-json\/wp\/v2\/product_brand?post=63519"},{"taxonomy":"product_cat","embeddable":true,"href":"https:\/\/modelkars.com\/fr\/wp-json\/wp\/v2\/product_cat?post=63519"},{"taxonomy":"product_tag","embeddable":true,"href":"https:\/\/modelkars.com\/fr\/wp-json\/wp\/v2\/product_tag?post=63519"}],"curies":[{"name":"wp","href":"https:\/\/api.w.org\/{rel}","templated":true}]}}