{"id":63340,"date":"2026-01-28T00:00:01","date_gmt":"2026-01-27T23:00:01","guid":{"rendered":"https:\/\/modelkars.com\/?post_type=product&#038;p=63340"},"modified":"2026-01-29T21:54:59","modified_gmt":"2026-01-29T20:54:59","slug":"vet1804e2-vitrine-bbr-socle-alcantara-beige-surpiqures-rouges","status":"publish","type":"product","link":"https:\/\/modelkars.com\/fr\/shop\/accessoires\/vet1804e2-vitrine-bbr-socle-alcantara-beige-surpiqures-rouges\/","title":{"rendered":"Vitrine BBR avec socle alcantara beige"},"content":{"rendered":"","protected":false},"excerpt":{"rendered":"<p>Cette vitrine BBR pour mod\u00e8les \u00e0 l&rsquo;\u00e9chelle 1:18 est \u00e9quip\u00e9e d&rsquo;un socle en alcantara beige clair avec des surpiq\u00fbres rouges. Parfait pour sublimer vos mod\u00e8les r\u00e9duits, ce support \u00e9l\u00e9gant allie raffinement et protection, offrant un \u00e9crin de choix pour vos pi\u00e8ces les plus pr\u00e9cieuses.<\/p>\n","protected":false},"featured_media":63456,"template":"","meta":{"_seopress_robots_primary_cat":"","_seopress_titles_title":"","_seopress_titles_desc":"","_seopress_robots_index":""},"product_brand":[],"product_cat":[167,315],"product_tag":[84],"class_list":{"0":"post-63340","1":"product","2":"type-product","3":"status-publish","4":"has-post-thumbnail","6":"product_cat-accessoires","7":"product_cat-bbr","8":"product_tag-echelle-118","10":"first","11":"outofstock","12":"taxable","13":"shipping-taxable","14":"purchasable","15":"product-type-simple"},"_links":{"self":[{"href":"https:\/\/modelkars.com\/fr\/wp-json\/wp\/v2\/product\/63340","targetHints":{"allow":["GET"]}}],"collection":[{"href":"https:\/\/modelkars.com\/fr\/wp-json\/wp\/v2\/product"}],"about":[{"href":"https:\/\/modelkars.com\/fr\/wp-json\/wp\/v2\/types\/product"}],"wp:featuredmedia":[{"embeddable":true,"href":"https:\/\/modelkars.com\/fr\/wp-json\/wp\/v2\/media\/63456"}],"wp:attachment":[{"href":"https:\/\/modelkars.com\/fr\/wp-json\/wp\/v2\/media?parent=63340"}],"wp:term":[{"taxonomy":"product_brand","embeddable":true,"href":"https:\/\/modelkars.com\/fr\/wp-json\/wp\/v2\/product_brand?post=63340"},{"taxonomy":"product_cat","embeddable":true,"href":"https:\/\/modelkars.com\/fr\/wp-json\/wp\/v2\/product_cat?post=63340"},{"taxonomy":"product_tag","embeddable":true,"href":"https:\/\/modelkars.com\/fr\/wp-json\/wp\/v2\/product_tag?post=63340"}],"curies":[{"name":"wp","href":"https:\/\/api.w.org\/{rel}","templated":true}]}}